{"id":191,"date":"2023-09-10T16:28:32","date_gmt":"2023-09-10T16:28:32","guid":{"rendered":"http:\/\/mynovamind.com\/who-helps-you-magyar\/"},"modified":"2023-09-21T19:02:37","modified_gmt":"2023-09-21T17:02:37","slug":"ki-fog-segiteni","status":"publish","type":"page","link":"https:\/\/mynovamind.com\/hu\/ki-fog-segiteni\/","title":{"rendered":"Ki fog seg\u00edteni?"},"content":{"rendered":"<div data-elementor-type=\"wp-page\" data-elementor-id=\"191\" class=\"elementor elementor-191\">\n\t\t\t\t\t\t<section class=\"elementor-section elementor-top-section elementor-element elementor-element-93fd344 elementor-section-content-middle elementor-section-stretched elementor-section-boxed elementor-section-height-default elementor-section-height-default\" data-id=\"93fd344\" data-element_type=\"section\" data-settings=\"{&quot;stretch_section&quot;:&quot;section-stretched&quot;}\">\n\t\t\t\t\t\t<div class=\"elementor-container elementor-column-gap-default\">\n\t\t\t\t\t<div class=\"elementor-column elementor-col-50 elementor-top-column elementor-element elementor-element-0271ba7\" data-id=\"0271ba7\" data-element_type=\"column\">\n\t\t\t<div class=\"elementor-widget-wrap elementor-element-populated\">\n\t\t\t\t\t\t<div class=\"elementor-element elementor-element-01313b2 elementor-widget__width-initial e-transform e-transform elementor-widget elementor-widget-image\" data-id=\"01313b2\" data-element_type=\"widget\" data-settings=\"{&quot;_transform_translateX_effect&quot;:{&quot;unit&quot;:&quot;px&quot;,&quot;size&quot;:0,&quot;sizes&quot;:[]},&quot;_transform_skewX_effect&quot;:{&quot;unit&quot;:&quot;px&quot;,&quot;size&quot;:0,&quot;sizes&quot;:[]},&quot;_transform_translateX_effect_tablet&quot;:{&quot;unit&quot;:&quot;px&quot;,&quot;size&quot;:&quot;&quot;,&quot;sizes&quot;:[]},&quot;_transform_translateX_effect_mobile&quot;:{&quot;unit&quot;:&quot;px&quot;,&quot;size&quot;:&quot;&quot;,&quot;sizes&quot;:[]},&quot;_transform_translateY_effect&quot;:{&quot;unit&quot;:&quot;px&quot;,&quot;size&quot;:&quot;&quot;,&quot;sizes&quot;:[]},&quot;_transform_translateY_effect_tablet&quot;:{&quot;unit&quot;:&quot;px&quot;,&quot;size&quot;:&quot;&quot;,&quot;sizes&quot;:[]},&quot;_transform_translateY_effect_mobile&quot;:{&quot;unit&quot;:&quot;px&quot;,&quot;size&quot;:&quot;&quot;,&quot;sizes&quot;:[]},&quot;_transform_skewX_effect_tablet&quot;:{&quot;unit&quot;:&quot;deg&quot;,&quot;size&quot;:&quot;&quot;,&quot;sizes&quot;:[]},&quot;_transform_skewX_effect_mobile&quot;:{&quot;unit&quot;:&quot;deg&quot;,&quot;size&quot;:&quot;&quot;,&quot;sizes&quot;:[]},&quot;_transform_skewY_effect&quot;:{&quot;unit&quot;:&quot;px&quot;,&quot;size&quot;:&quot;&quot;,&quot;sizes&quot;:[]},&quot;_transform_skewY_effect_tablet&quot;:{&quot;unit&quot;:&quot;deg&quot;,&quot;size&quot;:&quot;&quot;,&quot;sizes&quot;:[]},&quot;_transform_skewY_effect_mobile&quot;:{&quot;unit&quot;:&quot;deg&quot;,&quot;size&quot;:&quot;&quot;,&quot;sizes&quot;:[]}}\" data-widget_type=\"image.default\">\n\t\t\t\t<div class=\"elementor-widget-container\">\n\t\t\t\t\t\t\t\t\t\t\t\t\t\t\t<img fetchpriority=\"high\" decoding=\"async\" width=\"500\" height=\"500\" src=\"https:\/\/mynovamind.com\/wp-content\/uploads\/2023\/06\/iren-1.png\" class=\"attachment-large size-large wp-image-63\" alt=\"\" srcset=\"https:\/\/mynovamind.com\/wp-content\/uploads\/2023\/06\/iren-1.png 500w, https:\/\/mynovamind.com\/wp-content\/uploads\/2023\/06\/iren-1-300x300.png 300w, https:\/\/mynovamind.com\/wp-content\/uploads\/2023\/06\/iren-1-150x150.png 150w, https:\/\/mynovamind.com\/wp-content\/uploads\/2023\/06\/iren-1-100x100.png 100w\" sizes=\"(max-width: 500px) 100vw, 500px\" \/>\t\t\t\t\t\t\t\t\t\t\t\t\t\t\t<\/div>\n\t\t\t\t<\/div>\n\t\t\t\t\t<\/div>\n\t\t<\/div>\n\t\t\t\t<div class=\"elementor-column elementor-col-50 elementor-top-column elementor-element elementor-element-39f8b07\" data-id=\"39f8b07\" data-element_type=\"column\">\n\t\t\t<div class=\"elementor-widget-wrap elementor-element-populated\">\n\t\t\t\t\t\t<div class=\"elementor-element elementor-element-dbb543c elementor-widget__width-initial elementor-widget elementor-widget-text-editor\" data-id=\"dbb543c\" data-element_type=\"widget\" data-widget_type=\"text-editor.default\">\n\t\t\t\t<div class=\"elementor-widget-container\">\n\t\t\t\t\t\t\t\t\t<blockquote style=\"padding-top: 0px; padding-bottom: 0px; border-left: 5px solid #E6E5E5;\"><p style=\"text-align: justify;\"><em>Orosz-francia szakos nyelvtan\u00e1rk\u00e9nt kezdtem a p\u00e1ly\u00e1mat, az \u00e9let \u00faj kih\u00edv\u00e1sok el\u00e9 \u00e1ll\u00edtott, emiatt \u00e1tk\u00e9peztem magam angol szakos tan\u00e1rr\u00e1. T\u00f6bbf\u00e9le iskolat\u00edpusban \u00e9s k\u00e9pz\u00e9si\u00a0 rendszerben dolgoztam, \u00e1ltal\u00e1nos iskol\u00e1sokt\u00f3l kezdve egyetemig, k\u00f6zoktat\u00e1st\u00f3l feln\u0151ttoktat\u00e1sig, form\u00e1list\u00f3l nemform\u00e1lisig. A gyerekek, sz\u00fcl\u0151k \u00e9s koll\u00e9g\u00e1k soksz\u00edn\u0171s\u00e9ge napr\u00f3l napra \u00faj kih\u00edv\u00e1sokat teremtett, \u00edgy az \u00e9vek sor\u00e1n olyan helyzetekkel szembes\u00fcltem, amelyek inspir\u00e1ltak, arra, hogy tr\u00e9nerk\u00e9nt \u00e9s coach-k\u00e9nt is kipr\u00f3b\u00e1ljam magam. Nagyon fontos sz\u00e1momra, hogy pedag\u00f3giai hitemet \u2013 &#8220;L\u00e9gy olyan ember, amilyenn\u00e9 a fiadat szeretn\u00e9d nevelni&#8221; (De\u00e1k Ferenc) \u2013 mind tan\u00e1rk\u00e9nt, mind mag\u00e1nemberk\u00e9nt meg\u0151rizzem. Hiszem, hogy folyamatos fejl\u0151d\u00e9s\u00fcnk, szakmai-m\u00f3dszertani eszk\u00f6zt\u00e1runk b\u0151v\u00edt\u00e9se, az \u00f6nismeret magasabb szintjeinek el\u00e9r\u00e9se, mindenk\u00e9ppen \u00e9rt\u00e9kesebb\u00e9 \u00e9s jelent\u0151sebb\u00e9 teszi emberi kapcsolatainkat, emeli munk\u00e1nk sz\u00ednvonal\u00e1t, p\u00e9lda\u00e9rt\u00e9k\u0171v\u00e9 teszi eredm\u00e9nyeinket. AZ \u00faj technol\u00f3gia megjelen\u00e9se engem sem ker\u00fclhetett el, az angol nyelvtan\u00edt\u00e1sban el\u0151sz\u00f6r pr\u00f3b\u00e1ltam ki a mesters\u00e9ges intelligencia ny\u00fajtotta lehet\u0151s\u00e9geket.<\/em><\/p><\/blockquote><p style=\"margin-left: 25px; font-size: 25px;\">Ber\u00e9nyi Ir\u00e9n<\/p>\t\t\t\t\t\t\t\t<\/div>\n\t\t\t\t<\/div>\n\t\t\t\t\t<\/div>\n\t\t<\/div>\n\t\t\t\t\t<\/div>\n\t\t<\/section>\n\t\t\t\t<section class=\"elementor-section elementor-top-section elementor-element elementor-element-75851ad elementor-section-content-middle elementor-section-stretched elementor-section-boxed elementor-section-height-default elementor-section-height-default\" data-id=\"75851ad\" data-element_type=\"section\" data-settings=\"{&quot;stretch_section&quot;:&quot;section-stretched&quot;}\">\n\t\t\t\t\t\t<div class=\"elementor-container elementor-column-gap-default\">\n\t\t\t\t\t<div class=\"elementor-column elementor-col-50 elementor-top-column elementor-element elementor-element-df29ced\" data-id=\"df29ced\" data-element_type=\"column\">\n\t\t\t<div class=\"elementor-widget-wrap elementor-element-populated\">\n\t\t\t\t\t\t<div class=\"elementor-element elementor-element-f6cf38b elementor-widget__width-initial elementor-widget elementor-widget-text-editor\" data-id=\"f6cf38b\" data-element_type=\"widget\" data-widget_type=\"text-editor.default\">\n\t\t\t\t<div class=\"elementor-widget-container\">\n\t\t\t\t\t\t\t\t\t<blockquote style=\"padding-top: 0px; padding-bottom: 0px; border-left: none; border-right: 5px solid #E6E5E5;\"><p style=\"text-align: justify; text-align-last: right;\"><em>Magasan k\u00e9pzett, lelkes \u00e9s motiv\u00e1lt angol \u00e9s orosz nyelvtan\u00e1r vagyok, aki folyamatosan igyekszik k\u00f6vetni az \u00faj trendeket a nyelvoktat\u00e1s ter\u00fclet\u00e9n is. Kreativit\u00e1som \u00e9s innov\u00e1ci\u00f3m nemcsak nekem adnak flowt a munk\u00e1mban, hanem eredm\u00e9nyesebb\u00e9 is teszik a nyelvoktat\u00e1s folyamat\u00e1t. Nyelvi szak\u00e9rtelmem \u00e9s pedag\u00f3giai tud\u00e1som egyedi kombin\u00e1ci\u00f3j\u00e1val tiszteletet \u00e9s elismer\u00e9st v\u00edvtam ki szakmai k\u00f6r\u00f6kben. A nyelvoktat\u00e1s mellett elk\u00f6telezett vagyok azon k\u00e9szs\u00e9gek fejleszt\u00e9s\u00e9ben, amelyek t\u00falmutatnak a nyelvtanul\u00e1son. Er\u0151sen hiszek abban, hogy a nyelvi coaching m\u00f3dszereinek alkalmaz\u00e1sa seg\u00edt a di\u00e1kjaimnak abban, hogy versenyk\u00e9pess\u00e9g\u00fckkel felk\u00e9sz\u00fcljenek a munkaer\u0151piacra val\u00f3 kil\u00e9p\u00e9sre. Olyan k\u00e9szs\u00e9gek fejleszt\u00e9se ker\u00fcl f\u00f3kuszba, mint a kritikai gondolkod\u00e1s, probl\u00e9mamegold\u00e1s \u00e9s hat\u00e9kony kommunik\u00e1ci\u00f3. Ez a megk\u00f6zel\u00edt\u00e9s lehet\u0151v\u00e9 teszi, hogy \u00e1tfog\u00f3bb \u00e9s holisztikusabb tanul\u00e1si \u00e9lm\u00e9nyt ny\u00fajtsak a nyelvtanul\u00e1s sor\u00e1n. Folyamatosan keresem az \u00faj \u00e9s innovat\u00edv m\u00f3dszereket, \u00edgy \u00fatt\u00f6r\u0151 szerepet v\u00e1llaltam a mesters\u00e9ges intelligencia oktat\u00e1sban val\u00f3 bevezet\u00e9s\u00e9ben. <\/em><\/p><\/blockquote><p style=\"text-align: right; margin-right: 25px; font-size: 25px;\">Moln\u00e1rn\u00e9 Dr. L\u00e1szl\u00f3 Andrea PhD.<\/p>\t\t\t\t\t\t\t\t<\/div>\n\t\t\t\t<\/div>\n\t\t\t\t\t<\/div>\n\t\t<\/div>\n\t\t\t\t<div class=\"elementor-column elementor-col-50 elementor-top-column elementor-element elementor-element-39513c2\" data-id=\"39513c2\" data-element_type=\"column\">\n\t\t\t<div class=\"elementor-widget-wrap elementor-element-populated\">\n\t\t\t\t\t\t<div class=\"elementor-element elementor-element-110ab5b elementor-widget__width-initial elementor-widget elementor-widget-image\" data-id=\"110ab5b\" data-element_type=\"widget\" data-widget_type=\"image.default\">\n\t\t\t\t<div class=\"elementor-widget-container\">\n\t\t\t\t\t\t\t\t\t\t\t\t\t\t\t<img decoding=\"async\" width=\"500\" height=\"500\" src=\"https:\/\/mynovamind.com\/wp-content\/uploads\/2023\/06\/andrea_molnarne_laszlo-1.jpg\" class=\"attachment-large size-large wp-image-64\" alt=\"\" srcset=\"https:\/\/mynovamind.com\/wp-content\/uploads\/2023\/06\/andrea_molnarne_laszlo-1.jpg 500w, https:\/\/mynovamind.com\/wp-content\/uploads\/2023\/06\/andrea_molnarne_laszlo-1-300x300.jpg 300w, https:\/\/mynovamind.com\/wp-content\/uploads\/2023\/06\/andrea_molnarne_laszlo-1-150x150.jpg 150w, https:\/\/mynovamind.com\/wp-content\/uploads\/2023\/06\/andrea_molnarne_laszlo-1-100x100.jpg 100w\" sizes=\"(max-width: 500px) 100vw, 500px\" \/>\t\t\t\t\t\t\t\t\t\t\t\t\t\t\t<\/div>\n\t\t\t\t<\/div>\n\t\t\t\t\t<\/div>\n\t\t<\/div>\n\t\t\t\t\t<\/div>\n\t\t<\/section>\n\t\t\t\t<\/div>","protected":false},"excerpt":{"rendered":"<p>Orosz-francia szakos nyelvtan\u00e1rk\u00e9nt kezdtem a p\u00e1ly\u00e1mat, az \u00e9let \u00faj kih\u00edv\u00e1sok el\u00e9 \u00e1ll\u00edtott, emiatt \u00e1tk\u00e9peztem magam angol szakos tan\u00e1rr\u00e1. T\u00f6bbf\u00e9le iskolat\u00edpusban \u00e9s k\u00e9pz\u00e9si\u00a0 rendszerben dolgoztam, \u00e1ltal\u00e1nos iskol\u00e1sokt\u00f3l kezdve egyetemig, k\u00f6zoktat\u00e1st\u00f3l feln\u0151ttoktat\u00e1sig, form\u00e1list\u00f3l nemform\u00e1lisig. A gyerekek, sz\u00fcl\u0151k \u00e9s koll\u00e9g\u00e1k soksz\u00edn\u0171s\u00e9ge napr\u00f3l napra \u00faj kih\u00edv\u00e1sokat teremtett, \u00edgy az \u00e9vek sor\u00e1n olyan helyzetekkel szembes\u00fcltem, amelyek inspir\u00e1ltak, arra, hogy tr\u00e9nerk\u00e9nt \u00e9s coach-k\u00e9nt is kipr\u00f3b\u00e1ljam magam&#8230;.<\/p>","protected":false},"author":1,"featured_media":0,"parent":0,"menu_order":0,"comment_status":"closed","ping_status":"closed","template":"","meta":{"_acf_changed":false,"_eb_attr":"","pmpro_default_level":"","_price":"","_stock":"","_tribe_ticket_header":"","_tribe_default_ticket_provider":"","_ticket_start_date":"","_ticket_end_date":"","_tribe_ticket_show_description":"","_tribe_ticket_show_not_going":false,"_tribe_ticket_use_global_stock":"","_tribe_ticket_global_stock_level":"","_global_stock_mode":"","_global_stock_cap":"","_tribe_rsvp_for_event":"","_tribe_ticket_going_count":"","_tribe_ticket_not_going_count":"","_tribe_tickets_list":"[]","_tribe_ticket_has_attendee_info_fields":false,"footnotes":"","_tec_slr_enabled":"","_tec_slr_layout":""},"class_list":["post-191","page","type-page","status-publish","hentry","pmpro-has-access"],"acf":[],"ticketed":false,"_links":{"self":[{"href":"https:\/\/mynovamind.com\/hu\/wp-json\/wp\/v2\/pages\/191","targetHints":{"allow":["GET"]}}],"collection":[{"href":"https:\/\/mynovamind.com\/hu\/wp-json\/wp\/v2\/pages"}],"about":[{"href":"https:\/\/mynovamind.com\/hu\/wp-json\/wp\/v2\/types\/page"}],"author":[{"embeddable":true,"href":"https:\/\/mynovamind.com\/hu\/wp-json\/wp\/v2\/users\/1"}],"replies":[{"embeddable":true,"href":"https:\/\/mynovamind.com\/hu\/wp-json\/wp\/v2\/comments?post=191"}],"version-history":[{"count":8,"href":"https:\/\/mynovamind.com\/hu\/wp-json\/wp\/v2\/pages\/191\/revisions"}],"predecessor-version":[{"id":441,"href":"https:\/\/mynovamind.com\/hu\/wp-json\/wp\/v2\/pages\/191\/revisions\/441"}],"wp:attachment":[{"href":"https:\/\/mynovamind.com\/hu\/wp-json\/wp\/v2\/media?parent=191"}],"curies":[{"name":"wp","href":"https:\/\/api.w.org\/{rel}","templated":true}]}}