{"id":256,"date":"2023-09-11T16:15:25","date_gmt":"2023-09-11T16:15:25","guid":{"rendered":"http:\/\/mynovamind.com\/?page_id=256"},"modified":"2023-09-21T19:35:50","modified_gmt":"2023-09-21T17:35:50","slug":"tanaroknak","status":"publish","type":"page","link":"https:\/\/mynovamind.com\/hu\/tanaroknak\/","title":{"rendered":"Tan\u00e1roknak"},"content":{"rendered":"<div data-elementor-type=\"wp-page\" data-elementor-id=\"256\" class=\"elementor elementor-256\">\n\t\t\t\t\t\t<section class=\"elementor-section elementor-top-section elementor-element elementor-element-34a7a99 elementor-section-boxed elementor-section-height-default elementor-section-height-default\" data-id=\"34a7a99\" data-element_type=\"section\">\n\t\t\t\t\t\t<div class=\"elementor-container elementor-column-gap-default\">\n\t\t\t\t\t<div class=\"elementor-column elementor-col-100 elementor-top-column elementor-element elementor-element-2df108c\" data-id=\"2df108c\" data-element_type=\"column\">\n\t\t\t<div class=\"elementor-widget-wrap elementor-element-populated\">\n\t\t\t\t\t\t<div class=\"elementor-element elementor-element-4a477c3 elementor-widget elementor-widget-text-editor\" data-id=\"4a477c3\" data-element_type=\"widget\" data-widget_type=\"text-editor.default\">\n\t\t\t\t<div class=\"elementor-widget-container\">\n\t\t\t\t\t\t\t\t\t<h4><strong>Az oldal fejleszt\u00e9s alatt \u00e1ll.<\/strong><\/h4><p>Olyan feladat\u00f6tletek, m\u00f3dszertani eszk\u00f6z\u00f6k ker\u00fclnek ide, amelyek a leg\u00fajabb technol\u00f3gia t\u00e1mogat\u00e1s\u00e1t is involv\u00e1lj\u00e1k, nevezetesen a mesters\u00e9ges intelligenci\u00e1\u00e9t. Addig is \u00e9rdemes megfontolni ennek a k\u00f6nyvnek a megv\u00e1s\u00e1rl\u00e1s\u00e1t, hogy megtedd az els\u0151 l\u00e9p\u00e9st a meg\u00fajult tan\u00e1rszerepek miszt\u00e9rikus vil\u00e1g\u00e1ba val\u00f3 bel\u00e9p\u00e9s \u00fatj\u00e1n.<\/p>\t\t\t\t\t\t\t\t<\/div>\n\t\t\t\t<\/div>\n\t\t\t\t\t<\/div>\n\t\t<\/div>\n\t\t\t\t\t<\/div>\n\t\t<\/section>\n\t\t\t\t<section class=\"elementor-section elementor-top-section elementor-element elementor-element-7111b3c elementor-section-boxed elementor-section-height-default elementor-section-height-default\" data-id=\"7111b3c\" data-element_type=\"section\">\n\t\t\t\t\t\t<div class=\"elementor-container elementor-column-gap-default\">\n\t\t\t\t\t<div class=\"elementor-column elementor-col-100 elementor-top-column elementor-element elementor-element-0bfc764\" data-id=\"0bfc764\" data-element_type=\"column\">\n\t\t\t<div class=\"elementor-widget-wrap elementor-element-populated\">\n\t\t\t\t\t\t<div class=\"elementor-element elementor-element-57dcf52 elementor-align-center elementor-widget elementor-widget-button\" data-id=\"57dcf52\" data-element_type=\"widget\" data-widget_type=\"button.default\">\n\t\t\t\t<div class=\"elementor-widget-container\">\n\t\t\t\t\t\t\t\t\t<div class=\"elementor-button-wrapper\">\n\t\t\t\t\t<a class=\"elementor-button elementor-button-link elementor-size-sm elementor-animation-grow\" href=\"https:\/\/buy.stripe.com\/14kbJ05YAac09zO5km\">\n\t\t\t\t\t\t<span class=\"elementor-button-content-wrapper\">\n\t\t\t\t\t\t<span class=\"elementor-button-icon\">\n\t\t\t\t<svg aria-hidden=\"true\" class=\"e-font-icon-svg e-fas-shopping-cart\" viewbox=\"0 0 576 512\" xmlns=\"http:\/\/www.w3.org\/2000\/svg\"><path d=\"M528.12 301.319l47.273-208C578.806 78.301 567.391 64 551.99 64H159.208l-9.166-44.81C147.758 8.021 137.93 0 126.529 0H24C10.745 0 0 10.745 0 24v16c0 13.255 10.745 24 24 24h69.883l70.248 343.435C147.325 417.1 136 435.222 136 456c0 30.928 25.072 56 56 56s56-25.072 56-56c0-15.674-6.447-29.835-16.824-40h209.647C430.447 426.165 424 440.326 424 456c0 30.928 25.072 56 56 56s56-25.072 56-56c0-22.172-12.888-41.332-31.579-50.405l5.517-24.276c3.413-15.018-8.002-29.319-23.403-29.319H218.117l-6.545-32h293.145c11.206 0 20.92-7.754 23.403-18.681z\"><\/path><\/svg>\t\t\t<\/span>\n\t\t\t\t\t\t\t\t\t<span class=\"elementor-button-text\">Rendeld meg most!<\/span>\n\t\t\t\t\t<\/span>\n\t\t\t\t\t<\/a>\n\t\t\t\t<\/div>\n\t\t\t\t\t\t\t\t<\/div>\n\t\t\t\t<\/div>\n\t\t\t\t\t<\/div>\n\t\t<\/div>\n\t\t\t\t\t<\/div>\n\t\t<\/section>\n\t\t\t\t<section class=\"elementor-section elementor-top-section elementor-element elementor-element-ac6e03d elementor-section-boxed elementor-section-height-default elementor-section-height-default\" data-id=\"ac6e03d\" data-element_type=\"section\">\n\t\t\t\t\t\t<div class=\"elementor-container elementor-column-gap-default\">\n\t\t\t\t\t<div class=\"elementor-column elementor-col-100 elementor-top-column elementor-element elementor-element-19344f7\" data-id=\"19344f7\" data-element_type=\"column\">\n\t\t\t<div class=\"elementor-widget-wrap elementor-element-populated\">\n\t\t\t\t\t\t<div class=\"elementor-element elementor-element-1d1ea27 elementor-widget elementor-widget-heading\" data-id=\"1d1ea27\" data-element_type=\"widget\" data-widget_type=\"heading.default\">\n\t\t\t\t<div class=\"elementor-widget-container\">\n\t\t\t\t\t<div class=\"elementor-heading-title elementor-size-large\">Tartalomjegyz\u00e9k<\/div>\t\t\t\t<\/div>\n\t\t\t\t<\/div>\n\t\t\t\t\t<\/div>\n\t\t<\/div>\n\t\t\t\t\t<\/div>\n\t\t<\/section>\n\t\t\t\t<section class=\"elementor-section elementor-top-section elementor-element elementor-element-b40b80d elementor-section-boxed elementor-section-height-default elementor-section-height-default\" data-id=\"b40b80d\" data-element_type=\"section\">\n\t\t\t\t\t\t<div class=\"elementor-container elementor-column-gap-default\">\n\t\t\t\t\t<div class=\"elementor-column elementor-col-33 elementor-top-column elementor-element elementor-element-614a7f3\" data-id=\"614a7f3\" data-element_type=\"column\">\n\t\t\t<div class=\"elementor-widget-wrap\">\n\t\t\t\t\t\t\t<\/div>\n\t\t<\/div>\n\t\t\t\t<div class=\"elementor-column elementor-col-33 elementor-top-column elementor-element elementor-element-d1e1da6\" data-id=\"d1e1da6\" data-element_type=\"column\">\n\t\t\t<div class=\"elementor-widget-wrap elementor-element-populated\">\n\t\t\t\t\t\t<div class=\"elementor-element elementor-element-ac8d87b elementor-widget elementor-widget-text-editor\" data-id=\"ac8d87b\" data-element_type=\"widget\" data-widget_type=\"text-editor.default\">\n\t\t\t\t<div class=\"elementor-widget-container\">\n\t\t\t\t\t\t\t\t\t<p>Bevezet\u00e9s<\/p><ol><li>Mi a mesters\u00e9ges intelligencia?<\/li><li>Promt engineer<ol><li>Mit jelent a fejezet c\u00edme?<\/li><li>A Prompt Engineer feladatk\u00f6re<\/li><li>\u00d6sszefoglal\u00e1s<\/li><\/ol><\/li><li>Az MI hat\u00e1sa a tan\u00e1ri munk\u00e1ra<ol><li>A tan\u00e1r szerepe, megk\u00f6zel\u00edt\u00e9se a tan\u00edt\u00e1s folyamat\u00e1ban<\/li><\/ol><\/li><li>Fejlesztend\u0151 ter\u00fcletek<ol><li>Tud\u00e1s<\/li><li>Attit\u0171d<\/li><li>K\u00e9pess\u00e9gek<\/li><li>Auton\u00f3mia<\/li><\/ol><\/li><li>Mi a kapcsolat az MI \u00e9s a tehets\u00e9ggondoz\u00e1s k\u00f6zt?<\/li><li>Az oktat\u00e1sban haszn\u00e1lat\u00f3 mesters\u00e9ges intelligencia platfomok<\/li><li>Sz\u00f6veggener\u00e1l\u00e1s<ol><li>Az eszk\u00f6z<\/li><li>Pluginok<\/li><li>\u00cdgy haszn\u00e1lhat\u00f3 tan\u00e1ri munk\u00e1hoz<ol><li>\u00cdr\u00e1sk\u00e9szs\u00e9g<\/li><li>Nyelvhelyess\u00e9g<\/li><li>Olvasott sz\u00f6veg\u00e9rt\u00e9s<\/li><li>Besz\u00e9dk\u00e9szs\u00e9g<\/li><li>Differenci\u00e1l\u00e1s<\/li><\/ol><\/li><li>\u00cdgy adhat\u00f3 ki a di\u00e1koknak<\/li><\/ol><\/li><li>Hanggener\u00e1l\u00e1s<ol><li>Az eszk\u00f6z<\/li><li>\u00cdgy haszn\u00e1lhat\u00f3 tan\u00e1ri munk\u00e1hoz<\/li><li>\u00cdgy adhat\u00f3 ki a di\u00e1koknak<\/li><\/ol><\/li><li>K\u00e9pgener\u00e1l\u00e1s<ol><li>Az eszk\u00f6z<\/li><li>\u00cdgy haszn\u00e1lhat\u00f3 tan\u00e1ri munk\u00e1hoz<\/li><li>\u00cdgy adhat\u00f3 ki a di\u00e1koknak<\/li><\/ol><\/li><li>Vide\u00f3gener\u00e1l\u00e1s<ol><li>Az eszk\u00f6z<\/li><li>\u00cdgy haszn\u00e1lha\u00f3 tan\u00e1ri munk\u00e1hoz<ol><li>Nyelvtani r\u00e9szek<\/li><li>T\u00e9ma tan\u00edt\u00e1sa<\/li><li>Tan\u00f3r\u00e1n k\u00edv\u00fcl<\/li><\/ol><\/li><li>\u00cdgy adhat\u00f3 ki a di\u00e1koknak<\/li><\/ol><\/li><li>Kurzusgener\u00e1l\u00e1s<ol><li>Az eszk\u00f6z<\/li><li>\u00cdgy haszn\u00e1lhat\u00f3 tan\u00e1ri munk\u00e1hoz<\/li><li>\u00cdgy adhat\u00f3 ki a di\u00e1koknak<\/li><\/ol><\/li><li>Sztorigener\u00e1l\u00e1s<ol><li>Az eszk\u00f6z<\/li><li>\u00cdgy haszn\u00e1lhat\u00f3 tan\u00e1ri munk\u00e1hoz<\/li><li>\u00cdgy adhat\u00f3 ki a di\u00e1koknak<\/li><\/ol><\/li><li>\u00d3rav\u00e1zlatok<\/li><\/ol><p>\u00d6sszegz\u00e9s<\/p>\t\t\t\t\t\t\t\t<\/div>\n\t\t\t\t<\/div>\n\t\t\t\t\t<\/div>\n\t\t<\/div>\n\t\t\t\t<div class=\"elementor-column elementor-col-33 elementor-top-column elementor-element elementor-element-eb4c659\" data-id=\"eb4c659\" data-element_type=\"column\">\n\t\t\t<div class=\"elementor-widget-wrap\">\n\t\t\t\t\t\t\t<\/div>\n\t\t<\/div>\n\t\t\t\t\t<\/div>\n\t\t<\/section>\n\t\t\t\t<\/div>","protected":false},"excerpt":{"rendered":"<p>Az oldal fejleszt\u00e9s alatt \u00e1ll. Olyan feladat\u00f6tletek, m\u00f3dszertani eszk\u00f6z\u00f6k ker\u00fclnek ide, amelyek a leg\u00fajabb technol\u00f3gia t\u00e1mogat\u00e1s\u00e1t is involv\u00e1lj\u00e1k, nevezetesen a mesters\u00e9ges intelligenci\u00e1\u00e9t. Addig is \u00e9rdemes megfontolni ennek a k\u00f6nyvnek a megv\u00e1s\u00e1rl\u00e1s\u00e1t, hogy megtedd az els\u0151 l\u00e9p\u00e9st a meg\u00fajult tan\u00e1rszerepek miszt\u00e9rikus vil\u00e1g\u00e1ba val\u00f3 bel\u00e9p\u00e9s \u00fatj\u00e1n. Rendeld meg most! Tartalomjegyz\u00e9k Bevezet\u00e9s Mi a mesters\u00e9ges intelligencia? Promt engineer Mit jelent a fejezet c\u00edme?&#8230;<\/p>","protected":false},"author":1,"featured_media":0,"parent":0,"menu_order":0,"comment_status":"closed","ping_status":"closed","template":"","meta":{"_acf_changed":false,"_eb_attr":"","pmpro_default_level":"","_price":"","_stock":"","_tribe_ticket_header":"","_tribe_default_ticket_provider":"","_ticket_start_date":"","_ticket_end_date":"","_tribe_ticket_show_description":"","_tribe_ticket_show_not_going":false,"_tribe_ticket_use_global_stock":"","_tribe_ticket_global_stock_level":"","_global_stock_mode":"","_global_stock_cap":"","_tribe_rsvp_for_event":"","_tribe_ticket_going_count":"","_tribe_ticket_not_going_count":"","_tribe_tickets_list":"[]","_tribe_ticket_has_attendee_info_fields":false,"footnotes":"","_tec_slr_enabled":"","_tec_slr_layout":""},"class_list":["post-256","page","type-page","status-publish","hentry","pmpro-has-access"],"acf":[],"ticketed":false,"_links":{"self":[{"href":"https:\/\/mynovamind.com\/hu\/wp-json\/wp\/v2\/pages\/256","targetHints":{"allow":["GET"]}}],"collection":[{"href":"https:\/\/mynovamind.com\/hu\/wp-json\/wp\/v2\/pages"}],"about":[{"href":"https:\/\/mynovamind.com\/hu\/wp-json\/wp\/v2\/types\/page"}],"author":[{"embeddable":true,"href":"https:\/\/mynovamind.com\/hu\/wp-json\/wp\/v2\/users\/1"}],"replies":[{"embeddable":true,"href":"https:\/\/mynovamind.com\/hu\/wp-json\/wp\/v2\/comments?post=256"}],"version-history":[{"count":13,"href":"https:\/\/mynovamind.com\/hu\/wp-json\/wp\/v2\/pages\/256\/revisions"}],"predecessor-version":[{"id":449,"href":"https:\/\/mynovamind.com\/hu\/wp-json\/wp\/v2\/pages\/256\/revisions\/449"}],"wp:attachment":[{"href":"https:\/\/mynovamind.com\/hu\/wp-json\/wp\/v2\/media?parent=256"}],"curies":[{"name":"wp","href":"https:\/\/api.w.org\/{rel}","templated":true}]}}