{"id":382,"date":"2023-09-12T11:57:46","date_gmt":"2023-09-12T09:57:46","guid":{"rendered":"http:\/\/mynovamind.com\/?page_id=382"},"modified":"2023-09-12T12:03:55","modified_gmt":"2023-09-12T10:03:55","slug":"regisztracio","status":"publish","type":"page","link":"https:\/\/mynovamind.com\/hu\/regisztracio\/","title":{"rendered":"Felhaszn\u00e1l\u00f3i regisztr\u00e1ci\u00f3"},"content":{"rendered":"<div data-elementor-type=\"wp-page\" data-elementor-id=\"382\" class=\"elementor elementor-382\">\n\t\t\t\t\t\t<section class=\"elementor-section elementor-top-section elementor-element elementor-element-5a4b531 elementor-section-boxed elementor-section-height-default elementor-section-height-default\" data-id=\"5a4b531\" data-element_type=\"section\">\n\t\t\t\t\t\t<div class=\"elementor-container elementor-column-gap-default\">\n\t\t\t\t\t<div class=\"elementor-column elementor-col-100 elementor-top-column elementor-element elementor-element-cec842a\" data-id=\"cec842a\" data-element_type=\"column\">\n\t\t\t<div class=\"elementor-widget-wrap elementor-element-populated\">\n\t\t\t\t\t\t<div class=\"elementor-element elementor-element-0cebdb0 elementor-widget elementor-widget-shortcode\" data-id=\"0cebdb0\" data-element_type=\"widget\" data-widget_type=\"shortcode.default\">\n\t\t\t\t<div class=\"elementor-widget-container\">\n\t\t\t\t\t\t\t<div class=\"elementor-shortcode\"><div class=\"forminator-ui forminator-custom-form forminator-custom-form-381 forminator-design--material  forminator_ajax\" data-forminator-render=\"0\" data-form=\"forminator-module-381\" data-uid=\"6a06c0e535e36\"><br\/><\/div><form\n\t\t\t\tid=\"forminator-module-381\"\n\t\t\t\tclass=\"forminator-ui forminator-custom-form forminator-custom-form-381 forminator-design--material  forminator_ajax\"\n\t\t\t\tmethod=\"post\"\n\t\t\t\tdata-forminator-render=\"0\"\n\t\t\t\tdata-form-id=\"381\"\n\t\t\t\t data-color-option=\"default\" data-design=\"material\" data-grid=\"open\" style=\"display: none;\"\n\t\t\t\tdata-uid=\"6a06c0e535e36\" action=\"\"\n\t\t\t><div role=\"alert\" aria-live=\"polite\" class=\"forminator-response-message forminator-error\" aria-hidden=\"true\"><\/div><div class=\"forminator-row\"><div id=\"text-1\" class=\"forminator-field-text forminator-col forminator-col-12\"><div class=\"forminator-field\"><label for=\"forminator-field-text-1_6a06c0e535e36\" id=\"forminator-field-text-1_6a06c0e535e36-label\" class=\"forminator-label\">Felhaszn\u00e1l\u00f3n\u00e9v <span class=\"forminator-required\">*<\/span><\/label><input type=\"text\" name=\"text-1\" value=\"\" placeholder=\"Add meg a felhaszn\u00e1l\u00f3neved!\" id=\"forminator-field-text-1_6a06c0e535e36\" class=\"forminator-input forminator-name--field\" data-required=\"true\" \/><\/div><\/div><\/div><div class=\"forminator-row\"><div id=\"name-1\" class=\"forminator-field-name forminator-col forminator-col-12\"><div class=\"forminator-row forminator-no-margin\" data-multiple=\"true\"><div class=\"forminator-col forminator-col-md-6\"><div class=\"forminator-field\"><label for=\"forminator-field-first-name-1_6a06c0e535e36\" id=\"forminator-field-first-name-1_6a06c0e535e36-label\" class=\"forminator-label\">Keresztn\u00e9v <span class=\"forminator-required\">*<\/span><\/label><input type=\"text\" name=\"name-1-first-name\" placeholder=\"Pl. J\u00f3zsef\" id=\"forminator-field-first-name-1_6a06c0e535e36\" class=\"forminator-input\" aria-required=\"true\" data-multi=\"1\" autocomplete=\"given-name\" value=\"\" \/><\/div><\/div><div class=\"forminator-col forminator-col-md-6\"><div class=\"forminator-field\"><label for=\"forminator-field-last-name-1_6a06c0e535e36\" id=\"forminator-field-last-name-1_6a06c0e535e36-label\" class=\"forminator-label\">Vezet\u00e9kn\u00e9v <span class=\"forminator-required\">*<\/span><\/label><input type=\"text\" name=\"name-1-last-name\" placeholder=\"Pl. Kiss\" id=\"forminator-field-last-name-1_6a06c0e535e36\" class=\"forminator-input\" aria-required=\"true\" data-multi=\"1\" autocomplete=\"family-name\" value=\"\" \/><\/div><\/div><\/div><\/div><\/div><div class=\"forminator-row\"><div id=\"email-1\" class=\"forminator-field-email forminator-col forminator-col-12\"><div class=\"forminator-field\"><label for=\"forminator-field-email-1_6a06c0e535e36\" id=\"forminator-field-email-1_6a06c0e535e36-label\" class=\"forminator-label\">E-mail <span class=\"forminator-required\">*<\/span><\/label><input type=\"email\" name=\"email-1\" value=\"\" placeholder=\"Pl. jozsefkiss@gmail.com\" id=\"forminator-field-email-1_6a06c0e535e36\" class=\"forminator-input forminator-email--field\" data-required=\"true\" aria-required=\"true\" autocomplete=\"email\" \/><\/div><\/div><\/div><div class=\"forminator-row\"><div id=\"password-1\" class=\"forminator-field-password forminator-col forminator-col-12\"><div class=\"forminator-field\"><label for=\"forminator-field-password-1_6a06c0e535e36\" id=\"forminator-field-password-1_6a06c0e535e36-label\" class=\"forminator-label\">Jelsz\u00f3 <span class=\"forminator-required\">*<\/span><\/label><input name=\"password-1\" value=\"\" placeholder=\"Add meg a jelszavad!\" id=\"forminator-field-password-1_6a06c0e535e36\" class=\"forminator-input forminator-name--field\" data-required=\"1\" type=\"password\" \/><\/div><\/div><\/div><input type=\"hidden\" name=\"referer_url\" value=\"\" \/><div class=\"forminator-row forminator-row-last\"><div class=\"forminator-col\"><div class=\"forminator-field\"><button class=\"forminator-button forminator-button-submit\"><span>Regisztr&aacute;ci&oacute;<\/span><span aria-hidden=\"true\"><\/span><\/button><\/div><\/div><\/div><input type=\"hidden\" id=\"forminator_nonce\" name=\"forminator_nonce\" value=\"e051c9e7d2\" \/><input type=\"hidden\" name=\"_wp_http_referer\" value=\"\/hu\/wp-json\/wp\/v2\/pages\/382\" \/><input type=\"hidden\" name=\"form_id\" value=\"381\"><input type=\"hidden\" name=\"page_id\" value=\"382\"><input type=\"hidden\" name=\"form_type\" value=\"registration\"><input type=\"hidden\" name=\"current_url\" value=\"https:\/\/mynovamind.com\/hu\/regisztracio\/\"><input type=\"hidden\" name=\"render_id\" value=\"0\"><input type=\"hidden\" name=\"action\" value=\"forminator_submit_form_custom-forms\"><label for=\"input_5\" class=\"forminator-hidden\" aria-hidden=\"true\">Please do not fill in this field. <input id=\"input_5\" type=\"text\" name=\"input_5\" value=\"\" autocomplete=\"off\"><\/label><input type=\"hidden\" name=\"trp-form-language\" value=\"hu\"\/><\/form><\/div>\n\t\t\t\t\t\t<\/div>\n\t\t\t\t<\/div>\n\t\t\t\t\t<\/div>\n\t\t<\/div>\n\t\t\t\t\t<\/div>\n\t\t<\/section>\n\t\t\t\t<\/div>","protected":false},"excerpt":{"rendered":"","protected":false},"author":1,"featured_media":0,"parent":0,"menu_order":0,"comment_status":"closed","ping_status":"closed","template":"","meta":{"_acf_changed":false,"_eb_attr":"","pmpro_default_level":"","_price":"","_stock":"","_tribe_ticket_header":"","_tribe_default_ticket_provider":"","_ticket_start_date":"","_ticket_end_date":"","_tribe_ticket_show_description":"","_tribe_ticket_show_not_going":false,"_tribe_ticket_use_global_stock":"","_tribe_ticket_global_stock_level":"","_global_stock_mode":"","_global_stock_cap":"","_tribe_rsvp_for_event":"","_tribe_ticket_going_count":"","_tribe_ticket_not_going_count":"","_tribe_tickets_list":"[]","_tribe_ticket_has_attendee_info_fields":false,"footnotes":"","_tec_slr_enabled":"","_tec_slr_layout":""},"class_list":["post-382","page","type-page","status-publish","hentry","pmpro-has-access"],"acf":[],"ticketed":false,"_links":{"self":[{"href":"https:\/\/mynovamind.com\/hu\/wp-json\/wp\/v2\/pages\/382","targetHints":{"allow":["GET"]}}],"collection":[{"href":"https:\/\/mynovamind.com\/hu\/wp-json\/wp\/v2\/pages"}],"about":[{"href":"https:\/\/mynovamind.com\/hu\/wp-json\/wp\/v2\/types\/page"}],"author":[{"embeddable":true,"href":"https:\/\/mynovamind.com\/hu\/wp-json\/wp\/v2\/users\/1"}],"replies":[{"embeddable":true,"href":"https:\/\/mynovamind.com\/hu\/wp-json\/wp\/v2\/comments?post=382"}],"version-history":[{"count":6,"href":"https:\/\/mynovamind.com\/hu\/wp-json\/wp\/v2\/pages\/382\/revisions"}],"predecessor-version":[{"id":389,"href":"https:\/\/mynovamind.com\/hu\/wp-json\/wp\/v2\/pages\/382\/revisions\/389"}],"wp:attachment":[{"href":"https:\/\/mynovamind.com\/hu\/wp-json\/wp\/v2\/media?parent=382"}],"curies":[{"name":"wp","href":"https:\/\/api.w.org\/{rel}","templated":true}]}}