{"id":390,"date":"2023-09-21T11:10:05","date_gmt":"2023-09-21T09:10:05","guid":{"rendered":"http:\/\/mynovamind.com\/?page_id=390"},"modified":"2023-12-07T17:38:05","modified_gmt":"2023-12-07T15:38:05","slug":"mynovamind_ai_club-hu","status":"publish","type":"page","link":"https:\/\/mynovamind.com\/hu\/mynovamind_ai_club-hu\/","title":{"rendered":"Mynovamind_AI_Klub"},"content":{"rendered":"<div data-elementor-type=\"wp-page\" data-elementor-id=\"390\" class=\"elementor elementor-390\">\n\t\t\t\t\t\t<section class=\"elementor-section elementor-top-section elementor-element elementor-element-fc7a45b elementor-section-boxed elementor-section-height-default elementor-section-height-default\" data-id=\"fc7a45b\" data-element_type=\"section\">\n\t\t\t\t\t\t<div class=\"elementor-container elementor-column-gap-default\">\n\t\t\t\t\t<div class=\"elementor-column elementor-col-100 elementor-top-column elementor-element elementor-element-a01ba13\" data-id=\"a01ba13\" data-element_type=\"column\">\n\t\t\t<div class=\"elementor-widget-wrap elementor-element-populated\">\n\t\t\t\t\t\t<div class=\"elementor-element elementor-element-72fb1fd elementor-widget elementor-widget-heading\" data-id=\"72fb1fd\" data-element_type=\"widget\" data-widget_type=\"heading.default\">\n\t\t\t\t<div class=\"elementor-widget-container\">\n\t\t\t\t\t<h2 class=\"elementor-heading-title elementor-size-default\">Kar\u00e1csonyi meglepet\u00e9s klubtagjainknak! Add le k\u00e9relmedet kar\u00e1csonyi \u00f3rav\u00e1zlat \u00f6tletre \u00e9s december 21-ig eljuttatjuk  hozz\u00e1d. <br>\n<\/h2>\t\t\t\t<\/div>\n\t\t\t\t<\/div>\n\t\t\t\t\t<\/div>\n\t\t<\/div>\n\t\t\t\t\t<\/div>\n\t\t<\/section>\n\t\t\t\t<section class=\"elementor-section elementor-top-section elementor-element elementor-element-d768bad elementor-section-boxed elementor-section-height-default elementor-section-height-default\" data-id=\"d768bad\" data-element_type=\"section\">\n\t\t\t\t\t\t<div class=\"elementor-container elementor-column-gap-default\">\n\t\t\t\t\t<div class=\"elementor-column elementor-col-50 elementor-top-column elementor-element elementor-element-27e2087\" data-id=\"27e2087\" data-element_type=\"column\">\n\t\t\t<div class=\"elementor-widget-wrap elementor-element-populated\">\n\t\t\t\t\t\t<div class=\"elementor-element elementor-element-6f3f23e elementor-widget elementor-widget-button\" data-id=\"6f3f23e\" data-element_type=\"widget\" data-widget_type=\"button.default\">\n\t\t\t\t<div class=\"elementor-widget-container\">\n\t\t\t\t\t\t\t\t\t<div class=\"elementor-button-wrapper\">\n\t\t\t\t\t<a class=\"elementor-button elementor-button-link elementor-size-sm\" href=\"\">\n\t\t\t\t\t\t<span class=\"elementor-button-content-wrapper\">\n\t\t\t\t\t\t\t\t\t<span class=\"elementor-button-text\">itt jelentkezz!<\/span>\n\t\t\t\t\t<\/span>\n\t\t\t\t\t<\/a>\n\t\t\t\t<\/div>\n\t\t\t\t\t\t\t\t<\/div>\n\t\t\t\t<\/div>\n\t\t\t\t<div class=\"elementor-element elementor-element-bcfad60 elementor-widget elementor-widget-image\" data-id=\"bcfad60\" data-element_type=\"widget\" data-widget_type=\"image.default\">\n\t\t\t\t<div class=\"elementor-widget-container\">\n\t\t\t\t\t\t\t\t\t\t\t\t\t\t\t<img fetchpriority=\"high\" decoding=\"async\" width=\"345\" height=\"608\" src=\"https:\/\/mynovamind.com\/wp-content\/uploads\/2023\/12\/karacsonyi-meglepetes-2.png\" class=\"attachment-large size-large wp-image-501\" alt=\"\" srcset=\"https:\/\/mynovamind.com\/wp-content\/uploads\/2023\/12\/karacsonyi-meglepetes-2.png 345w, https:\/\/mynovamind.com\/wp-content\/uploads\/2023\/12\/karacsonyi-meglepetes-2-170x300.png 170w\" sizes=\"(max-width: 345px) 100vw, 345px\" \/>\t\t\t\t\t\t\t\t\t\t\t\t\t\t\t<\/div>\n\t\t\t\t<\/div>\n\t\t\t\t<div class=\"elementor-element elementor-element-2f550ba3 elementor-widget elementor-widget-text-editor\" data-id=\"2f550ba3\" data-element_type=\"widget\" data-widget_type=\"text-editor.default\">\n\t\t\t\t<div class=\"elementor-widget-container\">\n\t\t\t\t\t\t\t\t\t<p><strong><span style=\"text-decoration: underline; font-size: 22px;\">A klubtags\u00e1ggal j\u00e1r\u00f3 el\u0151ny\u00f6k:<\/span><\/strong><\/p><ul><li><span style=\"color: rgba(0, 0, 0, 0.87); font-family: Roboto, Helvetica, Arial, sans-serif; font-size: 13px;\">Ingyenes webuni k\u00e9pz\u00e9s:\u00a0<\/span><a style=\"-webkit-tap-highlight-color: transparent; text-decoration-line: none; text-decoration-color: initial; color: #2962ff; font-family: Roboto, Helvetica, Arial, sans-serif; font-size: 13px; background-color: #ffffff;\" href=\"https:\/\/webuni.hu\/kepzes\/igy-tanits-nyelveket-a-mesterseges-intelligenciaval\" target=\"_blank\" rel=\"noopener\">https:\/\/webuni.hu\/kepzes\/igy-tanits-nyelveket-a-mesterseges-intelligenciaval<\/a><span style=\"color: rgba(0, 0, 0, 0.87); font-family: Roboto, Helvetica, Arial, sans-serif; font-size: 13px;\">\u00a0(Kuponk\u00f3dot lev\u00e9lben k\u00fcldj\u00fck)\u00a0<\/span><br style=\"-webkit-tap-highlight-color: transparent; color: rgba(0, 0, 0, 0.87); font-family: Roboto, Helvetica, Arial, sans-serif; font-size: 13px;\" \/><br style=\"-webkit-tap-highlight-color: transparent; color: rgba(0, 0, 0, 0.87); font-family: Roboto, Helvetica, Arial, sans-serif; font-size: 13px;\" \/><span style=\"color: rgba(0, 0, 0, 0.87); font-family: Roboto, Helvetica, Arial, sans-serif; font-size: 13px;\">&#8211; K\u00f6z\u00f6s k\u00e1v\u00e9zz vel\u00fcnk program<\/span><br style=\"-webkit-tap-highlight-color: transparent; color: rgba(0, 0, 0, 0.87); font-family: Roboto, Helvetica, Arial, sans-serif; font-size: 13px;\" \/><span style=\"color: rgba(0, 0, 0, 0.87); font-family: Roboto, Helvetica, Arial, sans-serif; font-size: 13px;\">k\u00e9thavonta, ahol a k\u00e1v\u00e9t mi fizetj\u00fck<\/span><br style=\"-webkit-tap-highlight-color: transparent; color: rgba(0, 0, 0, 0.87); font-family: Roboto, Helvetica, Arial, sans-serif; font-size: 13px;\" \/><span style=\"color: rgba(0, 0, 0, 0.87); font-family: Roboto, Helvetica, Arial, sans-serif; font-size: 13px;\">&#8211; Ingyenes tan\u00e1csad\u00e1s (\u00edr\u00e1sban, vagy<\/span><br style=\"-webkit-tap-highlight-color: transparent; color: rgba(0, 0, 0, 0.87); font-family: Roboto, Helvetica, Arial, sans-serif; font-size: 13px;\" \/><span style=\"color: rgba(0, 0, 0, 0.87); font-family: Roboto, Helvetica, Arial, sans-serif; font-size: 13px;\">sz\u00f3ban)\/mentor\u00e1l\u00e1s<\/span><br style=\"-webkit-tap-highlight-color: transparent; color: rgba(0, 0, 0, 0.87); font-family: Roboto, Helvetica, Arial, sans-serif; font-size: 13px;\" \/><span style=\"color: rgba(0, 0, 0, 0.87); font-family: Roboto, Helvetica, Arial, sans-serif; font-size: 13px;\">&#8211; K\u00e9r\u00e9sre egy\u00e9nre szabott tananyag\/<\/span><br style=\"-webkit-tap-highlight-color: transparent; color: rgba(0, 0, 0, 0.87); font-family: Roboto, Helvetica, Arial, sans-serif; font-size: 13px;\" \/><span style=\"color: rgba(0, 0, 0, 0.87); font-family: Roboto, Helvetica, Arial, sans-serif; font-size: 13px;\">prompt k\u00e9sz\u00edt\u00e9se<\/span><br style=\"-webkit-tap-highlight-color: transparent; color: rgba(0, 0, 0, 0.87); font-family: Roboto, Helvetica, Arial, sans-serif; font-size: 13px;\" \/><span style=\"color: rgba(0, 0, 0, 0.87); font-family: Roboto, Helvetica, Arial, sans-serif; font-size: 13px;\">&#8211;\u00a0 Iskolai el\u0151ad\u00e1s tart\u00e1sa pro bono<\/span><br style=\"-webkit-tap-highlight-color: transparent; color: rgba(0, 0, 0, 0.87); font-family: Roboto, Helvetica, Arial, sans-serif; font-size: 13px;\" \/><span style=\"color: rgba(0, 0, 0, 0.87); font-family: Roboto, Helvetica, Arial, sans-serif; font-size: 13px;\">szolg\u00e1ltat\u00e1sk\u00e9nt \u00fatik\u00f6lts\u00e9g k\u00e9r\u00e9se n\u00e9lk\u00fcl<\/span><br style=\"-webkit-tap-highlight-color: transparent; color: rgba(0, 0, 0, 0.87); font-family: Roboto, Helvetica, Arial, sans-serif; font-size: 13px;\" \/><span style=\"color: rgba(0, 0, 0, 0.87); font-family: Roboto, Helvetica, Arial, sans-serif; font-size: 13px;\">&#8211; K\u00f6z\u00f6s iskol\u00e1kon \u00e1t\u00edvel\u0151 projekt lehet\u0151s\u00e9g<\/span><br style=\"-webkit-tap-highlight-color: transparent; color: rgba(0, 0, 0, 0.87); font-family: Roboto, Helvetica, Arial, sans-serif; font-size: 13px;\" \/><span style=\"color: rgba(0, 0, 0, 0.87); font-family: Roboto, Helvetica, Arial, sans-serif; font-size: 13px;\">&#8211; Akci\u00f3s tan\u00fas\u00edtv\u00e1nyt ad\u00f3 feln\u0151ttk\u00e9pz\u00e9s<\/span><br style=\"-webkit-tap-highlight-color: transparent; color: rgba(0, 0, 0, 0.87); font-family: Roboto, Helvetica, Arial, sans-serif; font-size: 13px;\" \/><span style=\"color: rgba(0, 0, 0, 0.87); font-family: Roboto, Helvetica, Arial, sans-serif; font-size: 13px;\">\u00a0&#8211; Heti szinten b\u0151v\u00fcl\u0151 tananyag (az al\u00e1bbi t\u00e9m\u00e1kban:<\/span><\/li><li><span style=\"font-variant-numeric: normal; font-variant-east-asian: normal; font-variant-alternates: normal; font-kerning: auto; font-optical-sizing: auto; font-feature-settings: normal; font-variation-settings: normal; font-variant-position: normal; font-stretch: normal; font-size: 7pt; line-height: normal; font-family: 'Times New Roman';\">\u00a0 \u00a0 \u00a0 <\/span><span style=\"text-indent: -18pt; color: var( --e-global-color-text ); font-family: var( --e-global-typography-text-font-family ), Sans-serif; font-weight: var( --e-global-typography-text-font-weight ); font-size: 12pt; line-height: 107%;\">MI a mindennapokban<\/span><\/li><li><span style=\"font-size: 12.0pt; line-height: 107%; mso-bidi-font-family: Calibri; mso-bidi-theme-font: minor-latin;\"><span style=\"font-variant-numeric: normal; font-variant-east-asian: normal; font-variant-alternates: normal; font-kerning: auto; font-optical-sizing: auto; font-feature-settings: normal; font-variation-settings: normal; font-variant-position: normal; font-stretch: normal; font-size: 7pt; line-height: normal; font-family: 'Times New Roman';\">\u00a0 \u00a0 <\/span><\/span><!--[endif]--><span style=\"font-size: 12.0pt; line-height: 107%;\">\u00d6tletek<\/span><\/li><li><span style=\"font-variant-numeric: normal; font-variant-east-asian: normal; font-variant-alternates: normal; font-kerning: auto; font-optical-sizing: auto; font-feature-settings: normal; font-variation-settings: normal; font-variant-position: normal; font-stretch: normal; font-size: 7pt; line-height: normal; font-family: 'Times New Roman';\">\u00a0 \u00a0\u00a0<\/span><span style=\"font-size: 12.0pt; line-height: 107%;\">Megv\u00e1ltozott tan\u00e1rszerepek<\/span><\/li><li>\u00a0 \u00a0Nyomjuk a s\u00f3dert<\/li><li><span style=\"font-variant-numeric: normal; font-variant-east-asian: normal; font-variant-alternates: normal; font-kerning: auto; font-optical-sizing: auto; font-feature-settings: normal; font-variation-settings: normal; font-variant-position: normal; font-stretch: normal; font-size: 7pt; line-height: normal; font-family: 'Times New Roman';\">\u00a0 \u00a0 \u00a0<\/span><span style=\"font-size: 12.0pt; line-height: 107%;\">MI alkalmaz\u00e1sok<\/span><\/li><li>\u00a0 \u00a0Bevezet\u00e9s az MI-be<\/li><li>\u00a0 \u00a0\u00d3rav\u00e1zlatok<\/li><li><span style=\"font-variant-numeric: normal; font-variant-east-asian: normal; font-variant-alternates: normal; font-kerning: auto; font-optical-sizing: auto; font-feature-settings: normal; font-variation-settings: normal; font-variant-position: normal; font-stretch: normal; font-size: 7pt; line-height: normal; font-family: 'Times New Roman';\">\u00a0 \u00a0 \u00a0<\/span><span style=\"font-size: 12.0pt; line-height: 107%;\">Projektek<\/span><\/li><li>\u00a0 \u00a0Webin\u00e1rok<\/li><li>\u00a0 \u00a0Tehets\u00e9ggondoz\u00e1s<\/li><li>\u00a0 \u00a0P\u00e1lyaorient\u00e1ci\u00f3<\/li><li>\u00a0 \u00a0Jeles napok<p><span style=\"color: rgba(0, 0, 0, 0.87); font-family: Roboto, Helvetica, Arial, sans-serif; font-size: 13px;\">\u00a0 &#8211; (vezet\u0151dnek is elk\u00fcld\u00f6tt) Elismer\u0151 oklev\u00e9l az akt\u00edv tagoknak<\/span><br style=\"-webkit-tap-highlight-color: transparent; color: rgba(0, 0, 0, 0.87); font-family: Roboto, Helvetica, Arial, sans-serif; font-size: 13px;\" \/><span style=\"color: rgba(0, 0, 0, 0.87); font-family: Roboto, Helvetica, Arial, sans-serif; font-size: 13px;\">\u00a0 &#8211; Kih\u00edv\u00e1sok<\/span><br style=\"-webkit-tap-highlight-color: transparent; color: rgba(0, 0, 0, 0.87); font-family: Roboto, Helvetica, Arial, sans-serif; font-size: 13px;\" \/><span style=\"color: rgba(0, 0, 0, 0.87); font-family: Roboto, Helvetica, Arial, sans-serif; font-size: 13px;\">Ne felejtsd el, ha b\u00e1rmikor megakadsz, b\u00e1rmi v\u00e1gyad t\u00e1mad, mi itt vagyunk! \ud83d\ude42 Keress minket<\/span><\/p><\/li><li><strong><em>OKLEV\u00c9L A LELKES R\u00c9SZTVEV\u0150KNEK<\/em><\/strong><\/li><li><em>akkredit\u00e1lt k\u00e9pz\u00e9s <strong>akci\u00f3s \u00e1ron<\/strong><\/em><\/li><\/ul>\t\t\t\t\t\t\t\t<\/div>\n\t\t\t\t<\/div>\n\t\t\t\t\t<\/div>\n\t\t<\/div>\n\t\t\t\t<div class=\"elementor-column elementor-col-50 elementor-top-column elementor-element elementor-element-97fe23d\" data-id=\"97fe23d\" data-element_type=\"column\">\n\t\t\t<div class=\"elementor-widget-wrap elementor-element-populated\">\n\t\t\t\t\t\t<div class=\"elementor-element elementor-element-6d97069 elementor-widget elementor-widget-image\" data-id=\"6d97069\" data-element_type=\"widget\" data-widget_type=\"image.default\">\n\t\t\t\t<div class=\"elementor-widget-container\">\n\t\t\t\t\t\t\t\t\t\t\t\t\t\t\t<img decoding=\"async\" width=\"640\" height=\"640\" src=\"https:\/\/mynovamind.com\/wp-content\/uploads\/2023\/09\/kep-a-klubhoz.jpg\" class=\"attachment-large size-large wp-image-393\" alt=\"\" srcset=\"https:\/\/mynovamind.com\/wp-content\/uploads\/2023\/09\/kep-a-klubhoz.jpg 1024w, https:\/\/mynovamind.com\/wp-content\/uploads\/2023\/09\/kep-a-klubhoz-300x300.jpg 300w, https:\/\/mynovamind.com\/wp-content\/uploads\/2023\/09\/kep-a-klubhoz-150x150.jpg 150w, https:\/\/mynovamind.com\/wp-content\/uploads\/2023\/09\/kep-a-klubhoz-768x768.jpg 768w, https:\/\/mynovamind.com\/wp-content\/uploads\/2023\/09\/kep-a-klubhoz-600x600.jpg 600w, https:\/\/mynovamind.com\/wp-content\/uploads\/2023\/09\/kep-a-klubhoz-100x100.jpg 100w\" sizes=\"(max-width: 640px) 100vw, 640px\" \/>\t\t\t\t\t\t\t\t\t\t\t\t\t\t\t<\/div>\n\t\t\t\t<\/div>\n\t\t\t\t\t<\/div>\n\t\t<\/div>\n\t\t\t\t\t<\/div>\n\t\t<\/section>\n\t\t\t\t<section class=\"elementor-section elementor-top-section elementor-element elementor-element-b5a97cd elementor-section-boxed elementor-section-height-default elementor-section-height-default\" data-id=\"b5a97cd\" data-element_type=\"section\">\n\t\t\t\t\t\t<div class=\"elementor-container elementor-column-gap-default\">\n\t\t\t\t\t<div class=\"elementor-column elementor-col-100 elementor-top-column elementor-element elementor-element-1519b12\" data-id=\"1519b12\" data-element_type=\"column\">\n\t\t\t<div class=\"elementor-widget-wrap elementor-element-populated\">\n\t\t\t\t\t\t<div class=\"elementor-element elementor-element-a45fd58 elementor-widget elementor-widget-text-editor\" data-id=\"a45fd58\" data-element_type=\"widget\" data-widget_type=\"text-editor.default\">\n\t\t\t\t<div class=\"elementor-widget-container\">\n\t\t\t\t\t\t\t\t\t<p>A dinamikus \u00e9s folyamatosan fejl\u0151d\u0151 oktat\u00e1si ter\u00fclet k\u00fcl\u00f6n\u00f6sen a mesters\u00e9ges intelligencia integr\u00e1ci\u00f3j\u00e1val, egy izgalmas t\u00e9ma. Klubunk nem csak arra t\u00f6rekszik, hogy l\u00e9p\u00e9st tartson ezekkel a v\u00e1ltoz\u00e1sokkal, hanem arra is, hogy vezesse a besz\u00e9lget\u00e9st arr\u00f3l, hogyan haszn\u00e1ljuk ki a mesters\u00e9ges intelligenci\u00e1t, mint p\u00e9ld\u00e1ul a ChatGPT-t, az oktat\u00e1si \u00e9lm\u00e9nyek gazdag\u00edt\u00e1s\u00e1ra. Klubunkba val\u00f3 bel\u00e9p\u00e9ssel hozz\u00e1f\u00e9r\u00e9st nyersz egy el\u0151re gondolkod\u00f3 oktat\u00f3kb\u00f3l \u00e9s lelkesed\u0151kb\u0151l \u00e1ll\u00f3 k\u00f6z\u00f6ss\u00e9ghez, akik innovat\u00edv m\u00f3don integr\u00e1lj\u00e1k az AI-t a tanul\u00e1si folyamatokba.<\/p><p>A f\u00f3kuszt nem csak az AI k\u00e9pess\u00e9geinek meg\u00e9rt\u00e9s\u00e9re helyezz\u00fck; hanem arra is, hogy p\u00e1rbesz\u00e9det alak\u00edtsunk ki az ilyen eszk\u00f6z\u00f6k etikus, gyakorlati \u00e9s hat\u00e9kony oktat\u00e1sban val\u00f3 haszn\u00e1lat\u00e1r\u00f3l. Legyen sz\u00f3 oktat\u00f3r\u00f3l, sz\u00fcl\u0151r\u0151l vagy valakir\u0151l, aki szenved\u00e9lyesen \u00e9rdekl\u0151dik az oktat\u00e1s j\u00f6v\u0151je ir\u00e1nt, klubunk egyed\u00fcl\u00e1ll\u00f3 platformot k\u00edn\u00e1l a r\u00e9szv\u00e9telre, a tanul\u00e1sra \u00e9s a mesters\u00e9ges intelligencia kor\u00e1ban az oktat\u00e1s j\u00f6v\u0151j\u00e9nek alak\u00edt\u00e1s\u00e1hoz val\u00f3 hozz\u00e1j\u00e1rul\u00e1sra.<\/p><p>Teh\u00e1t, ha izgat a gondolat, hogy az oktat\u00e1si innov\u00e1ci\u00f3 \u00e9lvonal\u00e1ban legy\u00e9l, \u00e9s szeretn\u00e9d navig\u00e1lni a mesters\u00e9ges intelligencia \u00e1ltal ny\u00fajtott kih\u00edv\u00e1sokat \u00e9s lehet\u0151s\u00e9geket, klubunk t\u00f6k\u00e9letes hely sz\u00e1modra. Csatlakozz hozz\u00e1nk ezen az \u00faton, hogy \u00fajra meghat\u00e1rozzuk az oktat\u00e1st, \u00e9s felruh\u00e1zzuk a k\u00f6vetkez\u0151 gener\u00e1ci\u00f3t azokkal a k\u00e9szs\u00e9gekkel \u00e9s ismeretekkel, amelyekre sz\u00fcks\u00e9g\u00fck van egy gyorsan v\u00e1ltoz\u00f3 vil\u00e1gban val\u00f3 boldogul\u00e1shoz.<br \/>Vagy, ha csak meg szeretn\u00e9d k\u00f6nny\u00edteni a napi munk\u00e1dat, akkor is n\u00e1lunk a helyed. Oldd meg gyorsabban a feladataidat!\u00a0<\/p>\t\t\t\t\t\t\t\t<\/div>\n\t\t\t\t<\/div>\n\t\t\t\t\t<\/div>\n\t\t<\/div>\n\t\t\t\t\t<\/div>\n\t\t<\/section>\n\t\t\t\t<section class=\"elementor-section elementor-top-section elementor-element elementor-element-75992f4 elementor-section-boxed elementor-section-height-default elementor-section-height-default\" data-id=\"75992f4\" data-element_type=\"section\">\n\t\t\t\t\t\t<div class=\"elementor-container elementor-column-gap-default\">\n\t\t\t\t\t<div class=\"elementor-column elementor-col-100 elementor-top-column elementor-element elementor-element-54909ed\" data-id=\"54909ed\" data-element_type=\"column\">\n\t\t\t<div class=\"elementor-widget-wrap elementor-element-populated\">\n\t\t\t\t\t\t<div class=\"elementor-element elementor-element-4e1fba0 elementor-align-center elementor-widget elementor-widget-button\" data-id=\"4e1fba0\" data-element_type=\"widget\" data-widget_type=\"button.default\">\n\t\t\t\t<div class=\"elementor-widget-container\">\n\t\t\t\t\t\t\t\t\t<div class=\"elementor-button-wrapper\">\n\t\t\t\t\t<a class=\"elementor-button elementor-button-link elementor-size-sm elementor-animation-grow\" href=\"https:\/\/buy.stripe.com\/14k5kC3Qs5VKcM0fZ3\">\n\t\t\t\t\t\t<span class=\"elementor-button-content-wrapper\">\n\t\t\t\t\t\t<span class=\"elementor-button-icon\">\n\t\t\t\t<svg aria-hidden=\"true\" class=\"e-font-icon-svg e-fas-shopping-cart\" viewbox=\"0 0 576 512\" xmlns=\"http:\/\/www.w3.org\/2000\/svg\"><path d=\"M528.12 301.319l47.273-208C578.806 78.301 567.391 64 551.99 64H159.208l-9.166-44.81C147.758 8.021 137.93 0 126.529 0H24C10.745 0 0 10.745 0 24v16c0 13.255 10.745 24 24 24h69.883l70.248 343.435C147.325 417.1 136 435.222 136 456c0 30.928 25.072 56 56 56s56-25.072 56-56c0-15.674-6.447-29.835-16.824-40h209.647C430.447 426.165 424 440.326 424 456c0 30.928 25.072 56 56 56s56-25.072 56-56c0-22.172-12.888-41.332-31.579-50.405l5.517-24.276c3.413-15.018-8.002-29.319-23.403-29.319H218.117l-6.545-32h293.145c11.206 0 20.92-7.754 23.403-18.681z\"><\/path><\/svg>\t\t\t<\/span>\n\t\t\t\t\t\t\t\t\t<span class=\"elementor-button-text\">Itt tudsz fizetni!<\/span>\n\t\t\t\t\t<\/span>\n\t\t\t\t\t<\/a>\n\t\t\t\t<\/div>\n\t\t\t\t\t\t\t\t<\/div>\n\t\t\t\t<\/div>\n\t\t\t\t\t<\/div>\n\t\t<\/div>\n\t\t\t\t\t<\/div>\n\t\t<\/section>\n\t\t\t\t<section class=\"elementor-section elementor-top-section elementor-element elementor-element-9e31fa4 elementor-section-boxed elementor-section-height-default elementor-section-height-default\" data-id=\"9e31fa4\" data-element_type=\"section\">\n\t\t\t\t\t\t<div class=\"elementor-container elementor-column-gap-default\">\n\t\t\t\t\t<div class=\"elementor-column elementor-col-50 elementor-top-column elementor-element elementor-element-a592b3d\" data-id=\"a592b3d\" data-element_type=\"column\">\n\t\t\t<div class=\"elementor-widget-wrap\">\n\t\t\t\t\t\t\t<\/div>\n\t\t<\/div>\n\t\t\t\t<div class=\"elementor-column elementor-col-50 elementor-top-column elementor-element elementor-element-597e573\" data-id=\"597e573\" data-element_type=\"column\">\n\t\t\t<div class=\"elementor-widget-wrap\">\n\t\t\t\t\t\t\t<\/div>\n\t\t<\/div>\n\t\t\t\t\t<\/div>\n\t\t<\/section>\n\t\t\t\t<section class=\"elementor-section elementor-top-section elementor-element elementor-element-c03fe37 elementor-section-boxed elementor-section-height-default elementor-section-height-default\" data-id=\"c03fe37\" data-element_type=\"section\">\n\t\t\t\t\t\t<div class=\"elementor-container elementor-column-gap-default\">\n\t\t\t\t\t<div class=\"elementor-column elementor-col-100 elementor-top-column elementor-element elementor-element-9db6783\" data-id=\"9db6783\" data-element_type=\"column\">\n\t\t\t<div class=\"elementor-widget-wrap elementor-element-populated\">\n\t\t\t\t\t\t<div class=\"elementor-element elementor-element-a553391 elementor-widget elementor-widget-video\" data-id=\"a553391\" data-element_type=\"widget\" data-settings=\"{&quot;youtube_url&quot;:&quot;https:\\\/\\\/youtu.be\\\/9Ux8tchXxpA&quot;,&quot;video_type&quot;:&quot;youtube&quot;,&quot;controls&quot;:&quot;yes&quot;}\" data-widget_type=\"video.default\">\n\t\t\t\t<div class=\"elementor-widget-container\">\n\t\t\t\t\t\t\t<div class=\"elementor-wrapper elementor-open-inline\">\n\t\t\t<div class=\"elementor-video\"><\/div>\t\t<\/div>\n\t\t\t\t\t\t<\/div>\n\t\t\t\t<\/div>\n\t\t\t\t\t<\/div>\n\t\t<\/div>\n\t\t\t\t\t<\/div>\n\t\t<\/section>\n\t\t\t\t<section class=\"elementor-section elementor-top-section elementor-element elementor-element-36ad8a2 elementor-section-boxed elementor-section-height-default elementor-section-height-default\" data-id=\"36ad8a2\" data-element_type=\"section\">\n\t\t\t\t\t\t<div class=\"elementor-container elementor-column-gap-default\">\n\t\t\t\t\t<div class=\"elementor-column elementor-col-100 elementor-top-column elementor-element elementor-element-adf93a9\" data-id=\"adf93a9\" data-element_type=\"column\">\n\t\t\t<div class=\"elementor-widget-wrap\">\n\t\t\t\t\t\t\t<\/div>\n\t\t<\/div>\n\t\t\t\t\t<\/div>\n\t\t<\/section>\n\t\t\t\t<\/div>","protected":false},"excerpt":{"rendered":"<p>Kar\u00e1csonyi meglepet\u00e9s klubtagjainknak! Add le k\u00e9relmedet kar\u00e1csonyi \u00f3rav\u00e1zlat \u00f6tletre \u00e9s december 21-ig eljuttatjuk hozz\u00e1d. itt jelentkezz! A klubtags\u00e1ggal j\u00e1r\u00f3 el\u0151ny\u00f6k: Ingyenes webuni k\u00e9pz\u00e9s:\u00a0https:\/\/webuni.hu\/kepzes\/igy-tanits-nyelveket-a-mesterseges-intelligenciaval\u00a0(Kuponk\u00f3dot lev\u00e9lben k\u00fcldj\u00fck)\u00a0&#8211; K\u00f6z\u00f6s k\u00e1v\u00e9zz vel\u00fcnk programk\u00e9thavonta, ahol a k\u00e1v\u00e9t mi fizetj\u00fck&#8211; Ingyenes tan\u00e1csad\u00e1s (\u00edr\u00e1sban, vagysz\u00f3ban)\/mentor\u00e1l\u00e1s&#8211; K\u00e9r\u00e9sre egy\u00e9nre szabott tananyag\/prompt k\u00e9sz\u00edt\u00e9se&#8211;\u00a0 Iskolai el\u0151ad\u00e1s tart\u00e1sa pro bonoszolg\u00e1ltat\u00e1sk\u00e9nt \u00fatik\u00f6lts\u00e9g k\u00e9r\u00e9se n\u00e9lk\u00fcl&#8211; K\u00f6z\u00f6s iskol\u00e1kon \u00e1t\u00edvel\u0151 projekt lehet\u0151s\u00e9g&#8211; Akci\u00f3s tan\u00fas\u00edtv\u00e1nyt ad\u00f3 feln\u0151ttk\u00e9pz\u00e9s\u00a0&#8211;&#8230;<\/p>","protected":false},"author":1,"featured_media":0,"parent":0,"menu_order":0,"comment_status":"closed","ping_status":"closed","template":"","meta":{"_acf_changed":false,"_eb_attr":"","pmpro_default_level":"","_price":"","_stock":"","_tribe_ticket_header":"","_tribe_default_ticket_provider":"","_ticket_start_date":"","_ticket_end_date":"","_tribe_ticket_show_description":"","_tribe_ticket_show_not_going":false,"_tribe_ticket_use_global_stock":"","_tribe_ticket_global_stock_level":"","_global_stock_mode":"","_global_stock_cap":"","_tribe_rsvp_for_event":"","_tribe_ticket_going_count":"","_tribe_ticket_not_going_count":"","_tribe_tickets_list":"[]","_tribe_ticket_has_attendee_info_fields":false,"footnotes":"","_tec_slr_enabled":"","_tec_slr_layout":""},"class_list":["post-390","page","type-page","status-publish","hentry","pmpro-has-access"],"acf":[],"ticketed":false,"_links":{"self":[{"href":"https:\/\/mynovamind.com\/hu\/wp-json\/wp\/v2\/pages\/390","targetHints":{"allow":["GET"]}}],"collection":[{"href":"https:\/\/mynovamind.com\/hu\/wp-json\/wp\/v2\/pages"}],"about":[{"href":"https:\/\/mynovamind.com\/hu\/wp-json\/wp\/v2\/types\/page"}],"author":[{"embeddable":true,"href":"https:\/\/mynovamind.com\/hu\/wp-json\/wp\/v2\/users\/1"}],"replies":[{"embeddable":true,"href":"https:\/\/mynovamind.com\/hu\/wp-json\/wp\/v2\/comments?post=390"}],"version-history":[{"count":39,"href":"https:\/\/mynovamind.com\/hu\/wp-json\/wp\/v2\/pages\/390\/revisions"}],"predecessor-version":[{"id":5453,"href":"https:\/\/mynovamind.com\/hu\/wp-json\/wp\/v2\/pages\/390\/revisions\/5453"}],"wp:attachment":[{"href":"https:\/\/mynovamind.com\/hu\/wp-json\/wp\/v2\/media?parent=390"}],"curies":[{"name":"wp","href":"https:\/\/api.w.org\/{rel}","templated":true}]}}