{"id":4470,"date":"2024-01-23T15:59:17","date_gmt":"2024-01-23T13:59:17","guid":{"rendered":"http:\/\/mynovamind.com\/?post_type=product&#038;p=4470"},"modified":"2025-10-22T15:38:27","modified_gmt":"2025-10-22T13:38:27","slug":"ai-in-education","status":"publish","type":"product","link":"https:\/\/mynovamind.com\/hu\/termek\/ai-in-education\/","title":{"rendered":"MI az oktat\u00e1sban (Erasmus kurzus)"},"content":{"rendered":"<p>Tanfolyamunkat olyan tan\u00e1rok sz\u00e1m\u00e1ra tervezt\u00fck, akik szeretn\u00e9k be\u00e9p\u00edteni a legmodernebb MI technol\u00f3gi\u00e1kat a mindennapi tan\u00edt\u00e1si gyakorlatukba. Az \u00e1tfog\u00f3 program seg\u00edts\u00e9g\u00e9vel a pedag\u00f3gusok elsaj\u00e1t\u00edthatj\u00e1k azokat az alapk\u00e9szs\u00e9geket \u00e9s tud\u00e1st, amelyek a MI eredm\u00e9nyes alkalmaz\u00e1s\u00e1hoz sz\u00fcks\u00e9gesek, \u00e1talak\u00edtva az oktat\u00e1s m\u00f3dszertan\u00e1t.<\/p>","protected":false},"excerpt":{"rendered":"<p>Tanfolyamunkat olyan tan\u00e1rok sz\u00e1m\u00e1ra tervezt\u00fck, akik szeretn\u00e9k be\u00e9p\u00edteni a legmodernebb MI technol\u00f3gi\u00e1kat a mindennapi tan\u00edt\u00e1si gyakorlatukba. Az \u00e1tfog\u00f3 program seg\u00edts\u00e9g\u00e9vel a pedag\u00f3gusok elsaj\u00e1t\u00edthatj\u00e1k azokat az alapk\u00e9szs\u00e9geket \u00e9s tud\u00e1st, amelyek a MI eredm\u00e9nyes alkalmaz\u00e1s\u00e1hoz sz\u00fcks\u00e9gesek, \u00e1talak\u00edtva az oktat\u00e1s m\u00f3dszertan\u00e1t.<\/p>","protected":false},"featured_media":4485,"comment_status":"open","ping_status":"closed","template":"","meta":{"_acf_changed":false,"_eb_attr":"","pmpro_default_level":"","_price":"400","_stock":"","_tribe_ticket_header":"","_tribe_default_ticket_provider":"","_ticket_start_date":"","_ticket_end_date":"","_tribe_ticket_show_description":"","_tribe_ticket_show_not_going":false,"_tribe_ticket_use_global_stock":"","_tribe_ticket_global_stock_level":"","_global_stock_mode":"","_global_stock_cap":"","_tribe_rsvp_for_event":"","_tribe_ticket_going_count":"","_tribe_ticket_not_going_count":"","_tribe_tickets_list":"[]","_tribe_ticket_has_attendee_info_fields":false},"product_brand":[],"product_cat":[154],"product_tag":[],"class_list":{"0":"post-4470","1":"product","2":"type-product","3":"status-publish","4":"has-post-thumbnail","6":"product_cat-events","7":"pmpro-has-access","9":"first","10":"outofstock","11":"virtual","12":"taxable","13":"product-type-event_ticket_manager"},"acf":[],"_links":{"self":[{"href":"https:\/\/mynovamind.com\/hu\/wp-json\/wp\/v2\/product\/4470","targetHints":{"allow":["GET"]}}],"collection":[{"href":"https:\/\/mynovamind.com\/hu\/wp-json\/wp\/v2\/product"}],"about":[{"href":"https:\/\/mynovamind.com\/hu\/wp-json\/wp\/v2\/types\/product"}],"replies":[{"embeddable":true,"href":"https:\/\/mynovamind.com\/hu\/wp-json\/wp\/v2\/comments?post=4470"}],"version-history":[{"count":3,"href":"https:\/\/mynovamind.com\/hu\/wp-json\/wp\/v2\/product\/4470\/revisions"}],"predecessor-version":[{"id":4609,"href":"https:\/\/mynovamind.com\/hu\/wp-json\/wp\/v2\/product\/4470\/revisions\/4609"}],"wp:featuredmedia":[{"embeddable":true,"href":"https:\/\/mynovamind.com\/hu\/wp-json\/wp\/v2\/media\/4485"}],"wp:attachment":[{"href":"https:\/\/mynovamind.com\/hu\/wp-json\/wp\/v2\/media?parent=4470"}],"wp:term":[{"taxonomy":"product_brand","embeddable":true,"href":"https:\/\/mynovamind.com\/hu\/wp-json\/wp\/v2\/product_brand?post=4470"},{"taxonomy":"product_cat","embeddable":true,"href":"https:\/\/mynovamind.com\/hu\/wp-json\/wp\/v2\/product_cat?post=4470"},{"taxonomy":"product_tag","embeddable":true,"href":"https:\/\/mynovamind.com\/hu\/wp-json\/wp\/v2\/product_tag?post=4470"}],"curies":[{"name":"wp","href":"https:\/\/api.w.org\/{rel}","templated":true}]}}