{"id":4847,"date":"2024-02-10T07:20:54","date_gmt":"2024-02-10T05:20:54","guid":{"rendered":"http:\/\/mynovamind.com\/?post_type=product&#038;p=4847"},"modified":"2025-10-22T16:40:52","modified_gmt":"2025-10-22T14:40:52","slug":"igy-tanits-nyelveket-az-mi-segitsegevel","status":"publish","type":"product","link":"https:\/\/mynovamind.com\/hu\/termek\/igy-tanits-nyelveket-az-mi-segitsegevel\/","title":{"rendered":"\u00cdgy tan\u00edts nyelveket az MI seg\u00edts\u00e9g\u00e9vel"},"content":{"rendered":"<p>Ahogy a vil\u00e1g fejl\u0151dik, \u00fagy v\u00e1ltoznak az elv\u00e1r\u00e1sok is a tan\u00e1ri munk\u00e1val kapcsolatban. A tan\u00e1rok sz\u00e1m\u00e1ra nem csak a nyelvi kompetenci\u00e1k fejleszt\u00e9se, hanem m\u00e1s k\u00e9pess\u00e9gek \u00e9s kompetenci\u00e1k is fontoss\u00e1 v\u00e1lnak. Ebben a k\u00f6nyvben bemutatjuk, hogyan haszn\u00e1lhat\u00f3 a mesters\u00e9ges intelligencia ahhoz, hogy min\u00e9l hat\u00e9konyabban fejlessz\u00fck ezeket a k\u00e9pess\u00e9geket \u00e9s kompetenci\u00e1kat.<\/p>","protected":false},"excerpt":{"rendered":"<p>Hogyan haszn\u00e1lhatjuk az MI-t a nyelvtan\u00edt\u00e1sban? Melyik MI alkalmaz\u00e1sok milyen nyelvi kompetenci\u00e1k fejleszt\u00e9s\u00e9re alkalmasak? Hogyan legyen kiv\u00e1l\u00f3an idegen nyelvet besz\u00e9l\u0151 \u00e9s egyidej\u0171leg a modern technol\u00f3gia \u00e1ltal versenyk\u00e9pes a di\u00e1kunk?<\/p>","protected":false},"featured_media":3633,"comment_status":"open","ping_status":"closed","template":"","meta":{"_acf_changed":false,"_eb_attr":"","pmpro_default_level":"","_price":"3200","_stock":"","_tribe_ticket_header":"","_tribe_default_ticket_provider":"","_ticket_start_date":"","_ticket_end_date":"","_tribe_ticket_show_description":"","_tribe_ticket_show_not_going":false,"_tribe_ticket_use_global_stock":"","_tribe_ticket_global_stock_level":"","_global_stock_mode":"","_global_stock_cap":"","_tribe_rsvp_for_event":"","_tribe_ticket_going_count":"","_tribe_ticket_not_going_count":"","_tribe_tickets_list":"[]","_tribe_ticket_has_attendee_info_fields":false},"product_brand":[],"product_cat":[180],"product_tag":[],"class_list":{"0":"post-4847","1":"product","2":"type-product","3":"status-publish","4":"has-post-thumbnail","6":"product_cat-books","7":"pmpro-has-access","9":"first","10":"instock","11":"downloadable","12":"virtual","13":"taxable","14":"purchasable","15":"product-type-simple"},"acf":[],"_links":{"self":[{"href":"https:\/\/mynovamind.com\/hu\/wp-json\/wp\/v2\/product\/4847","targetHints":{"allow":["GET"]}}],"collection":[{"href":"https:\/\/mynovamind.com\/hu\/wp-json\/wp\/v2\/product"}],"about":[{"href":"https:\/\/mynovamind.com\/hu\/wp-json\/wp\/v2\/types\/product"}],"replies":[{"embeddable":true,"href":"https:\/\/mynovamind.com\/hu\/wp-json\/wp\/v2\/comments?post=4847"}],"version-history":[{"count":4,"href":"https:\/\/mynovamind.com\/hu\/wp-json\/wp\/v2\/product\/4847\/revisions"}],"predecessor-version":[{"id":4852,"href":"https:\/\/mynovamind.com\/hu\/wp-json\/wp\/v2\/product\/4847\/revisions\/4852"}],"wp:featuredmedia":[{"embeddable":true,"href":"https:\/\/mynovamind.com\/hu\/wp-json\/wp\/v2\/media\/3633"}],"wp:attachment":[{"href":"https:\/\/mynovamind.com\/hu\/wp-json\/wp\/v2\/media?parent=4847"}],"wp:term":[{"taxonomy":"product_brand","embeddable":true,"href":"https:\/\/mynovamind.com\/hu\/wp-json\/wp\/v2\/product_brand?post=4847"},{"taxonomy":"product_cat","embeddable":true,"href":"https:\/\/mynovamind.com\/hu\/wp-json\/wp\/v2\/product_cat?post=4847"},{"taxonomy":"product_tag","embeddable":true,"href":"https:\/\/mynovamind.com\/hu\/wp-json\/wp\/v2\/product_tag?post=4847"}],"curies":[{"name":"wp","href":"https:\/\/api.w.org\/{rel}","templated":true}]}}