{"id":5075,"date":"2024-03-29T12:04:29","date_gmt":"2024-03-29T10:04:29","guid":{"rendered":"http:\/\/mynovamind.com\/?post_type=product&#038;p=5075"},"modified":"2025-10-22T16:37:06","modified_gmt":"2025-10-22T14:37:06","slug":"mesterseges-intelligencia-az-oktatasban-60-oras-akkreditalt-tovabbkepzes-reszletre-is","status":"publish","type":"product","link":"https:\/\/mynovamind.com\/hu\/termek\/mesterseges-intelligencia-az-oktatasban-60-oras-akkreditalt-tovabbkepzes-reszletre-is\/","title":{"rendered":"Mesters\u00e9ges Intelligencia az Oktat\u00e1sban (60 \u00f3r\u00e1s akkredit\u00e1lt tov\u00e1bbk\u00e9pz\u00e9s) R\u00e9szletre is!"},"content":{"rendered":"<p>60 \u00f3r\u00e1s akkredit\u00e1lt pedag\u00f3gus tov\u00e1bbk\u00e9pz\u00e9s minden \u00e9rdekl\u0151d\u0151 koll\u00e9g\u00e1nak. Hozd a k\u00edv\u00e1ncsis\u00e1god, lelkesed\u00e9sed, semmi egy\u00e9b nem sz\u00fcks\u00e9ges! Gemifik\u00e1ci\u00f3s m\u00f3dszerrel, \u00e9lvezetese kimeneti feladatokkal juthatsz el a sz\u00fcks\u00e9ges tud\u00e1shoz.<\/p>\n<p><a style=\"display: inline-block; background-color: #2d2e7f; color: #e9c873; font-size: 16px; font-weight: bold; padding: 12px 24px; border-radius: 6px; text-decoration: none; font-family: sans-serif;\" href=\"https:\/\/mynovamind.com\/hu\/event\/mesterseges-intelligencia-az-oktatasban-60-oras-akkreditalt-tovabbkepzes\/\" target=\"_blank\" rel=\"noopener\"><br \/>\n\u2139\ufe0f Tov\u00e1bbi r\u00e9szletek a k\u00e9pz\u00e9sr\u0151l<br \/>\n<\/a><\/p>\n<p><a style=\"display: inline-block; background-color: #2d2e7f; color: #e9c873; font-size: 16px; font-weight: bold; padding: 12px 24px; border-radius: 6px; text-decoration: none; font-family: sans-serif;\" href=\"https:\/\/buy.stripe.com\/28EeVd24V7gt7VL9XN33W04\"><br \/>\n\ud83d\udcb3 Azonnali fizet\u00e9s<br \/>\n<\/a><\/p>","protected":false},"excerpt":{"rendered":"<p>60 \u00f3r\u00e1s akkredit\u00e1lt pedag\u00f3gus tov\u00e1bbk\u00e9pz\u00e9s minden \u00e9rdekl\u0151d\u0151 koll\u00e9g\u00e1nak. Hozd a k\u00edv\u00e1ncsis\u00e1god, lelkesed\u00e9sed, semmi egy\u00e9b nem sz\u00fcks\u00e9ges! Gemifik\u00e1ci\u00f3s m\u00f3dszerrel, \u00e9lvezetese kimeneti feladatokkal juthatsz el a sz\u00fcks\u00e9ges tud\u00e1shoz. \u2139\ufe0f Tov\u00e1bbi r\u00e9szletek a k\u00e9pz\u00e9sr\u0151l \ud83d\udcb3 Azonnali fizet\u00e9s<\/p>","protected":false},"featured_media":5882,"comment_status":"open","ping_status":"closed","template":"","meta":{"_acf_changed":false,"_eb_attr":"","pmpro_default_level":"","_price":"56800","_stock":"","_tribe_ticket_header":"","_tribe_default_ticket_provider":"","_ticket_start_date":"","_ticket_end_date":"","_tribe_ticket_show_description":"","_tribe_ticket_show_not_going":false,"_tribe_ticket_use_global_stock":"","_tribe_ticket_global_stock_level":"","_global_stock_mode":"","_global_stock_cap":"","_tribe_rsvp_for_event":"","_tribe_ticket_going_count":"","_tribe_ticket_not_going_count":"","_tribe_tickets_list":"[]","_tribe_ticket_has_attendee_info_fields":false},"product_brand":[],"product_cat":[154],"product_tag":[],"class_list":{"0":"post-5075","1":"product","2":"type-product","3":"status-publish","4":"has-post-thumbnail","6":"product_cat-events","7":"pmpro-has-access","9":"first","10":"instock","11":"virtual","12":"taxable","13":"purchasable","14":"product-type-event_ticket_manager"},"acf":[],"_links":{"self":[{"href":"https:\/\/mynovamind.com\/hu\/wp-json\/wp\/v2\/product\/5075","targetHints":{"allow":["GET"]}}],"collection":[{"href":"https:\/\/mynovamind.com\/hu\/wp-json\/wp\/v2\/product"}],"about":[{"href":"https:\/\/mynovamind.com\/hu\/wp-json\/wp\/v2\/types\/product"}],"replies":[{"embeddable":true,"href":"https:\/\/mynovamind.com\/hu\/wp-json\/wp\/v2\/comments?post=5075"}],"version-history":[{"count":5,"href":"https:\/\/mynovamind.com\/hu\/wp-json\/wp\/v2\/product\/5075\/revisions"}],"predecessor-version":[{"id":7548,"href":"https:\/\/mynovamind.com\/hu\/wp-json\/wp\/v2\/product\/5075\/revisions\/7548"}],"wp:featuredmedia":[{"embeddable":true,"href":"https:\/\/mynovamind.com\/hu\/wp-json\/wp\/v2\/media\/5882"}],"wp:attachment":[{"href":"https:\/\/mynovamind.com\/hu\/wp-json\/wp\/v2\/media?parent=5075"}],"wp:term":[{"taxonomy":"product_brand","embeddable":true,"href":"https:\/\/mynovamind.com\/hu\/wp-json\/wp\/v2\/product_brand?post=5075"},{"taxonomy":"product_cat","embeddable":true,"href":"https:\/\/mynovamind.com\/hu\/wp-json\/wp\/v2\/product_cat?post=5075"},{"taxonomy":"product_tag","embeddable":true,"href":"https:\/\/mynovamind.com\/hu\/wp-json\/wp\/v2\/product_tag?post=5075"}],"curies":[{"name":"wp","href":"https:\/\/api.w.org\/{rel}","templated":true}]}}