{"id":5826,"date":"2024-08-27T12:39:03","date_gmt":"2024-08-27T10:39:03","guid":{"rendered":"https:\/\/mynovamind.com\/?post_type=product&#038;p=5826"},"modified":"2025-10-22T17:05:13","modified_gmt":"2025-10-22T15:05:13","slug":"modszertani-planetas","status":"publish","type":"product","link":"https:\/\/mynovamind.com\/hu\/termek\/modszertani-planetas\/","title":{"rendered":"M\u00f3dszertani Plan\u00e9t\u00e1s"},"content":{"rendered":"<p><img fetchpriority=\"high\" decoding=\"async\" class=\"alignnone size-medium wp-image-5827\" src=\"http:\/\/mynovamind.com\/wp-content\/uploads\/2024\/08\/feladatos-kartyak-kepe-2-251x300.png\" alt=\"\" width=\"251\" height=\"300\" srcset=\"https:\/\/mynovamind.com\/wp-content\/uploads\/2024\/08\/feladatos-kartyak-kepe-2-251x300.png 251w, https:\/\/mynovamind.com\/wp-content\/uploads\/2024\/08\/feladatos-kartyak-kepe-2-856x1024.png 856w, https:\/\/mynovamind.com\/wp-content\/uploads\/2024\/08\/feladatos-kartyak-kepe-2-768x919.png 768w, https:\/\/mynovamind.com\/wp-content\/uploads\/2024\/08\/feladatos-kartyak-kepe-2-10x12.png 10w, https:\/\/mynovamind.com\/wp-content\/uploads\/2024\/08\/feladatos-kartyak-kepe-2-600x718.png 600w, https:\/\/mynovamind.com\/wp-content\/uploads\/2024\/08\/feladatos-kartyak-kepe-2.png 903w\" sizes=\"(max-width: 251px) 100vw, 251px\" \/><\/p>\n<p>\u00d6tletek r\u00f6viden a nyelvtan\u00edt\u00e1shoz. Legyen sz\u00f3 k\u00e9p-, sz\u00f6veg- vagy b\u00e1rmilyen m\u00e1s tartalom gener\u00e1l\u00e1s\u00e1r\u00f3l, m\u00f3dszertani seg\u00e9dletr\u0151l, feladat\u00f6tletr\u0151l vagy fejleszt\u00e9si lehet\u0151s\u00e9gr\u0151l, a M\u00f3dszertani Plan\u00e9t\u00e1s gyors \u00e9s haszn\u00e1lhat\u00f3 seg\u00edts\u00e9get ny\u00fajt.<\/p>","protected":false},"excerpt":{"rendered":"<p>A k\u00e1rty\u00e1k c\u00e9lja, hogy kreat\u00edv \u00e9s interakt\u00edv m\u00f3don fejlessz\u00e9k a tanul\u00f3k nyelvi k\u00e9szs\u00e9geit, \u00f6tleteket adjanak a pedag\u00f3gusoknak mik\u00e9nt tudj\u00e1k az MI-t a nyelvoktat\u00e1s napi rutinj\u00e1ba bevonni. A feladatok el\u0151seg\u00edtik a sz\u00f3kincs b\u0151v\u00edt\u00e9s\u00e9t, a nyelvtani ismeretek elm\u00e9ly\u00edt\u00e9s\u00e9t, valamint a nyelvi k\u00e9szs\u00e9gek mellett a munkaer\u0151piacon n\u00e9lk\u00fcl\u00f6zhetetlen kompetenci\u00e1k fejleszt\u00e9s\u00e9t, \u00edgy pl. kreativit\u00e1st, kritikai gondolkod\u00e1st \u00e9s probl\u00e9mamegold\u00e1st, MI kompetenci\u00e1kat. Emellett a k\u00e1rty\u00e1k arra \u00f6szt\u00f6nzik a di\u00e1kokat, hogy a modern technol\u00f3gi\u00e1t, \u00fagy, mint\u00a0 a mesters\u00e9ges intelligenci\u00e1t is haszn\u00e1lj\u00e1k a tanul\u00e1si folyamat sor\u00e1n, ez\u00e1ltal felk\u00e9sz\u00fclve a 21. sz\u00e1zadi k\u00e9szs\u00e9gek gyakorlati alkalmaz\u00e1s\u00e1ra.<br \/>\n<a style=\"display: inline-block; background-color: #2d2e7f; color: #e9c873; font-size: 16px; font-weight: bold; padding: 12px 24px; border-radius: 6px; text-decoration: none; font-family: sans-serif;\" href=\"https:\/\/buy.stripe.com\/cNibJ138Z1W96RH6LB33W06\" target=\"_blank\" rel=\"noopener\"><br \/>\n\ud83d\udcb3 Azonnali fizet\u00e9s<br \/>\n<\/a><\/p>","protected":false},"featured_media":5827,"comment_status":"open","ping_status":"closed","template":"","meta":{"_acf_changed":false,"_eb_attr":"","pmpro_default_level":"","_price":"4390","_stock":"","_tribe_ticket_header":"","_tribe_default_ticket_provider":"","_ticket_start_date":"","_ticket_end_date":"","_tribe_ticket_show_description":"","_tribe_ticket_show_not_going":false,"_tribe_ticket_use_global_stock":"","_tribe_ticket_global_stock_level":"","_global_stock_mode":"","_global_stock_cap":"","_tribe_rsvp_for_event":"","_tribe_ticket_going_count":"","_tribe_ticket_not_going_count":"","_tribe_tickets_list":"[]","_tribe_ticket_has_attendee_info_fields":false},"product_brand":[],"product_cat":[184],"product_tag":[],"class_list":{"0":"post-5826","1":"product","2":"type-product","3":"status-publish","4":"has-post-thumbnail","6":"product_cat-ideas","7":"pmpro-has-access","9":"first","10":"instock","11":"purchasable","12":"product-type-simple"},"acf":[],"_links":{"self":[{"href":"https:\/\/mynovamind.com\/hu\/wp-json\/wp\/v2\/product\/5826","targetHints":{"allow":["GET"]}}],"collection":[{"href":"https:\/\/mynovamind.com\/hu\/wp-json\/wp\/v2\/product"}],"about":[{"href":"https:\/\/mynovamind.com\/hu\/wp-json\/wp\/v2\/types\/product"}],"replies":[{"embeddable":true,"href":"https:\/\/mynovamind.com\/hu\/wp-json\/wp\/v2\/comments?post=5826"}],"version-history":[{"count":3,"href":"https:\/\/mynovamind.com\/hu\/wp-json\/wp\/v2\/product\/5826\/revisions"}],"predecessor-version":[{"id":7559,"href":"https:\/\/mynovamind.com\/hu\/wp-json\/wp\/v2\/product\/5826\/revisions\/7559"}],"wp:featuredmedia":[{"embeddable":true,"href":"https:\/\/mynovamind.com\/hu\/wp-json\/wp\/v2\/media\/5827"}],"wp:attachment":[{"href":"https:\/\/mynovamind.com\/hu\/wp-json\/wp\/v2\/media?parent=5826"}],"wp:term":[{"taxonomy":"product_brand","embeddable":true,"href":"https:\/\/mynovamind.com\/hu\/wp-json\/wp\/v2\/product_brand?post=5826"},{"taxonomy":"product_cat","embeddable":true,"href":"https:\/\/mynovamind.com\/hu\/wp-json\/wp\/v2\/product_cat?post=5826"},{"taxonomy":"product_tag","embeddable":true,"href":"https:\/\/mynovamind.com\/hu\/wp-json\/wp\/v2\/product_tag?post=5826"}],"curies":[{"name":"wp","href":"https:\/\/api.w.org\/{rel}","templated":true}]}}