{"id":7541,"date":"2025-10-22T15:50:53","date_gmt":"2025-10-22T13:50:53","guid":{"rendered":"https:\/\/mynovamind.com\/?post_type=product&#038;p=7541"},"modified":"2025-11-07T10:47:51","modified_gmt":"2025-11-07T09:47:51","slug":"szemelyes-konzultacio","status":"publish","type":"product","link":"https:\/\/mynovamind.com\/hu\/termek\/szemelyes-konzultacio\/","title":{"rendered":"Szem\u00e9lyes konzult\u00e1ci\u00f3"},"content":{"rendered":"<p><img fetchpriority=\"high\" decoding=\"async\" class=\"alignnone size-medium wp-image-7407\" src=\"http:\/\/mynovamind.com\/wp-content\/uploads\/2025\/10\/ChatGPT-Image-2025.-okt.-12.-15_42_03-300x300.png\" alt=\"\" width=\"300\" height=\"300\" srcset=\"https:\/\/mynovamind.com\/wp-content\/uploads\/2025\/10\/ChatGPT-Image-2025.-okt.-12.-15_42_03-300x300.png 300w, https:\/\/mynovamind.com\/wp-content\/uploads\/2025\/10\/ChatGPT-Image-2025.-okt.-12.-15_42_03-150x150.png 150w, https:\/\/mynovamind.com\/wp-content\/uploads\/2025\/10\/ChatGPT-Image-2025.-okt.-12.-15_42_03-768x768.png 768w, https:\/\/mynovamind.com\/wp-content\/uploads\/2025\/10\/ChatGPT-Image-2025.-okt.-12.-15_42_03-12x12.png 12w, https:\/\/mynovamind.com\/wp-content\/uploads\/2025\/10\/ChatGPT-Image-2025.-okt.-12.-15_42_03-600x600.png 600w, https:\/\/mynovamind.com\/wp-content\/uploads\/2025\/10\/ChatGPT-Image-2025.-okt.-12.-15_42_03-100x100.png 100w, https:\/\/mynovamind.com\/wp-content\/uploads\/2025\/10\/ChatGPT-Image-2025.-okt.-12.-15_42_03.png 1024w\" sizes=\"(max-width: 300px) 100vw, 300px\" \/>A technol\u00f3gia ma m\u00e1r mindenhol ott van \u2013 de nem mindenkinek term\u00e9szetes k\u00f6zeg. Lehet, hogy f\u00e9lsz t\u0151le. Lehet, hogy \u00fcgyetlennek vagy elveszettnek \u00e9rzed magad, mik\u00f6zben m\u00e1sok m\u00e1r \u201ehaladnak\u201d. Lehet, hogy csak t\u00fal sok, t\u00fal gyorsan, \u00e9s nem tudod, hol kezdj bele.<\/p>","protected":false},"excerpt":{"rendered":"<p>A technol\u00f3gia ma m\u00e1r mindenhol ott van \u2013 de nem mindenkinek term\u00e9szetes k\u00f6zeg. Lehet, hogy f\u00e9lsz t\u0151le. Lehet, hogy \u00fcgyetlennek vagy elveszettnek \u00e9rzed magad, mik\u00f6zben m\u00e1sok m\u00e1r \u201ehaladnak\u201d. Lehet, hogy csak t\u00fal sok, t\u00fal gyorsan, \u00e9s nem tudod, hol kezdj bele.<\/p>\n<p><strong>B\u00e1rhol is tartasz \u2013 \u00e9n seg\u00edtek.<\/strong>\u00a0Nem kell t\u00f6k\u00e9letesnek lenned, nem kell mindent \u00e9rtened. Ebben a mentor\u00e1l\u00e1sban biztons\u00e1gos teret kapsz ahhoz, hogy k\u00e9rdezz, gondolkodj, lass\u00edts, \u00e9s megtal\u00e1ld a saj\u00e1t temp\u00f3dat.<\/p>\n<p><a style=\"display: inline-block; background-color: #2d2e7f; color: #e9c873; padding: 10px 20px; text-decoration: none; border-radius: 5px; font-weight: bold;\" href=\"https:\/\/mynovamind.com\/hu\/szemelyes-mentoralas\/\"><br \/>\nR\u00e9szletek<br \/>\n<\/a><\/p>\n<p><a style=\"display: inline-block; background-color: #2d2e7f; color: #e9c873; font-size: 16px; font-weight: bold; padding: 12px 24px; border-radius: 6px; text-decoration: none; font-family: sans-serif;\" href=\"https:\/\/buy.stripe.com\/4gMeVd9xnasFfodfi733W00\" target=\"_blank\" rel=\"noopener\"><br \/>\n\ud83d\udcb3 Azonnali fizet\u00e9s<br \/>\n<\/a><\/p>","protected":false},"featured_media":7407,"comment_status":"open","ping_status":"closed","template":"","meta":{"_acf_changed":false,"_eb_attr":"","pmpro_default_level":"","_price":"20990","_stock":"","_tribe_ticket_header":"","_tribe_default_ticket_provider":"","_ticket_start_date":"","_ticket_end_date":"","_tribe_ticket_show_description":"","_tribe_ticket_show_not_going":false,"_tribe_ticket_use_global_stock":"","_tribe_ticket_global_stock_level":"","_global_stock_mode":"","_global_stock_cap":"","_tribe_rsvp_for_event":"","_tribe_ticket_going_count":"","_tribe_ticket_not_going_count":"","_tribe_tickets_list":"[]","_tribe_ticket_has_attendee_info_fields":false},"product_brand":[],"product_cat":[184],"product_tag":[],"class_list":{"0":"post-7541","1":"product","2":"type-product","3":"status-publish","4":"has-post-thumbnail","6":"product_cat-ideas","7":"pmpro-has-access","9":"first","10":"instock","11":"virtual","12":"taxable","13":"purchasable","14":"product-type-simple"},"acf":[],"_links":{"self":[{"href":"https:\/\/mynovamind.com\/hu\/wp-json\/wp\/v2\/product\/7541","targetHints":{"allow":["GET"]}}],"collection":[{"href":"https:\/\/mynovamind.com\/hu\/wp-json\/wp\/v2\/product"}],"about":[{"href":"https:\/\/mynovamind.com\/hu\/wp-json\/wp\/v2\/types\/product"}],"replies":[{"embeddable":true,"href":"https:\/\/mynovamind.com\/hu\/wp-json\/wp\/v2\/comments?post=7541"}],"version-history":[{"count":7,"href":"https:\/\/mynovamind.com\/hu\/wp-json\/wp\/v2\/product\/7541\/revisions"}],"predecessor-version":[{"id":7545,"href":"https:\/\/mynovamind.com\/hu\/wp-json\/wp\/v2\/product\/7541\/revisions\/7545"}],"wp:featuredmedia":[{"embeddable":true,"href":"https:\/\/mynovamind.com\/hu\/wp-json\/wp\/v2\/media\/7407"}],"wp:attachment":[{"href":"https:\/\/mynovamind.com\/hu\/wp-json\/wp\/v2\/media?parent=7541"}],"wp:term":[{"taxonomy":"product_brand","embeddable":true,"href":"https:\/\/mynovamind.com\/hu\/wp-json\/wp\/v2\/product_brand?post=7541"},{"taxonomy":"product_cat","embeddable":true,"href":"https:\/\/mynovamind.com\/hu\/wp-json\/wp\/v2\/product_cat?post=7541"},{"taxonomy":"product_tag","embeddable":true,"href":"https:\/\/mynovamind.com\/hu\/wp-json\/wp\/v2\/product_tag?post=7541"}],"curies":[{"name":"wp","href":"https:\/\/api.w.org\/{rel}","templated":true}]}}