{"id":7549,"date":"2025-10-22T16:28:19","date_gmt":"2025-10-22T14:28:19","guid":{"rendered":"https:\/\/mynovamind.com\/?post_type=product&#038;p=7549"},"modified":"2025-10-22T16:35:17","modified_gmt":"2025-10-22T14:35:17","slug":"gondolkodom-tehat-mi-vagyok","status":"publish","type":"product","link":"https:\/\/mynovamind.com\/hu\/termek\/gondolkodom-tehat-mi-vagyok\/","title":{"rendered":"Gondolkodom, teh\u00e1t MI vagyok?"},"content":{"rendered":"<p><img fetchpriority=\"high\" decoding=\"async\" class=\"alignnone size-medium wp-image-7550\" src=\"http:\/\/mynovamind.com\/wp-content\/uploads\/2025\/10\/Onallo-eloadoi-est-212x300.png\" alt=\"\" width=\"212\" height=\"300\" srcset=\"https:\/\/mynovamind.com\/wp-content\/uploads\/2025\/10\/Onallo-eloadoi-est-212x300.png 212w, https:\/\/mynovamind.com\/wp-content\/uploads\/2025\/10\/Onallo-eloadoi-est-724x1024.png 724w, https:\/\/mynovamind.com\/wp-content\/uploads\/2025\/10\/Onallo-eloadoi-est-768x1086.png 768w, https:\/\/mynovamind.com\/wp-content\/uploads\/2025\/10\/Onallo-eloadoi-est-1086x1536.png 1086w, https:\/\/mynovamind.com\/wp-content\/uploads\/2025\/10\/Onallo-eloadoi-est-1448x2048.png 1448w, https:\/\/mynovamind.com\/wp-content\/uploads\/2025\/10\/Onallo-eloadoi-est-8x12.png 8w, https:\/\/mynovamind.com\/wp-content\/uploads\/2025\/10\/Onallo-eloadoi-est-600x849.png 600w, https:\/\/mynovamind.com\/wp-content\/uploads\/2025\/10\/Onallo-eloadoi-est.png 1587w\" sizes=\"(max-width: 212px) 100vw, 212px\" \/><\/p>\n<p>K\u00e9pzeljen el egy est\u00e9t, ahol a mesters\u00e9ges intelligencia nem csup\u00e1n egy t\u00e1voli, elvont fogalom, hanem k\u00e9zzelfoghat\u00f3 val\u00f3s\u00e1gg\u00e1 v\u00e1lik, \u00e9s \u00d6n is akt\u00edv r\u00e9szese lehet a p\u00e1rbesz\u00e9dnek! Moln\u00e1rn\u00e9 Dr. L\u00e1szl\u00f3 Andrea, az AI vil\u00e1g\u00e1nak elismert szak\u00e9rt\u0151je, akad\u00e9miai bizotts\u00e1gi eln\u00f6k, innovat\u00edv MI tananyagfejleszt\u0151 \u00e9s publik\u00e1l\u00f3 szerz\u0151, egyed\u00fcl\u00e1ll\u00f3 interakt\u00edv el\u0151ad\u00e1sra invit\u00e1lja \u00d6nt, ahol az MI, a szak\u00e9rt\u0151 \u00e9s a k\u00f6z\u00f6ns\u00e9g egy\u00fctt fedezik fel a j\u00f6v\u0151nk legizgalmasabb k\u00e9rd\u00e9seit.<\/p>","protected":false},"excerpt":{"rendered":"<p>Sz\u00fcl\u0151k\u00e9nt az\u00e9rt, mert a gyermek j\u00f6v\u0151j\u00e9t az AI form\u00e1lja.<\/p>\n<p>Tan\u00e1rk\u00e9nt az\u00e9rt, mert di\u00e1kjainak naprak\u00e9sz tud\u00e1st kell adnia.<\/p>\n<p>Vezet\u0151k\u00e9nt az\u00e9rt, mert az AI \u00e1t\u00edrja a szervezeti kult\u00far\u00e1t.<\/p>\n<p>Munkat\u00e1rsk\u00e9nt az\u00e9rt, mert tudnia kell, milyen lehet\u0151s\u00e9gei vannak.<\/p>\n<p>\u00c9rdekl\u0151d\u0151k\u00e9nt az\u00e9rt, mert az AI mindannyiunk \u00e9let\u00e9t befoly\u00e1solja.<\/p>\n<p>K\u00e9pzeljen el egy est\u00e9t, ahol a mesters\u00e9ges intelligencia nem csup\u00e1n egy t\u00e1voli, elvont fogalom, hanem k\u00e9zzelfoghat\u00f3 val\u00f3s\u00e1gg\u00e1 v\u00e1lik, \u00e9s \u00d6n is akt\u00edv r\u00e9szese lehet a p\u00e1rbesz\u00e9dnek! Moln\u00e1rn\u00e9 Dr. L\u00e1szl\u00f3 Andrea, az AI vil\u00e1g\u00e1nak elismert szak\u00e9rt\u0151je, akad\u00e9miai bizotts\u00e1gi eln\u00f6k, innovat\u00edv MI tananyagfejleszt\u0151 \u00e9s publik\u00e1l\u00f3 szerz\u0151, egyed\u00fcl\u00e1ll\u00f3 interakt\u00edv el\u0151ad\u00e1sra invit\u00e1lja \u00d6nt, ahol az MI, a szak\u00e9rt\u0151 \u00e9s a k\u00f6z\u00f6ns\u00e9g egy\u00fctt fedezik fel a j\u00f6v\u0151nk legizgalmasabb k\u00e9rd\u00e9seit.<\/p>\n<p>Az interakt\u00edv \u00e9lm\u00e9ny, ahol a k\u00edv\u00e1ncsis\u00e1g vez\u00e9rel.<\/p>\n<p>Ez az el\u0151ad\u00e1s nem egy hagyom\u00e1nyos, passz\u00edv hallgat\u00f3s\u00e1gra \u00e9p\u00fcl\u0151 esem\u00e9ny. Itt az \u00d6n k\u00edv\u00e1ncsis\u00e1ga a motor! A mesters\u00e9ges intelligencia, Moln\u00e1rn\u00e9 Dr. L\u00e1szl\u00f3 Andrea \u00e9s \u00d6n \u2013 a n\u00e9z\u0151 \u2013 h\u00e1rmasban alkotj\u00e1k majd az est dinamik\u00e1j\u00e1t.<\/p>\n<p>K\u00e9rd\u00e9seivel, gondolataival \u00e9s felvet\u00e9seivel \u00d6n is form\u00e1lhatja az el\u0151ad\u00e1s menet\u00e9t, \u00edgy biztos\u00edtva, hogy a legink\u00e1bb \u00d6nt foglalkoztat\u00f3 t\u00e9m\u00e1k ker\u00fcljenek ter\u00edt\u00e9kre. Az interaktivit\u00e1s garant\u00e1lt, hiszen az MI maga is \u201ejelen lesz\u201d a sz\u00ednpadon, k\u00e9szen arra, hogy v\u00e1laszoljon, reag\u00e1ljon \u00e9s \u00faj perspekt\u00edv\u00e1kat nyisson meg.<br \/>\n<a style=\"display: inline-block; background-color: #2d2e7f; color: #e9c873; font-size: 16px; font-weight: bold; padding: 12px 24px; border-radius: 6px; text-decoration: none; font-family: sans-serif;\" href=\"https:\/\/www.facebook.com\/events\/1346588393470771\/?acontext=%7B%22event_action_history%22%3A[%7B%22mechanism%22%3A%22your_upcoming_events_unit%22%2C%22surface%22%3A%22bookmark%22%7D]%2C%22ref_notif_type%22%3Anull%7D\" target=\"_blank\" rel=\"noopener\"><br \/>\n\u2139\ufe0f R\u00e9szletek<br \/>\n<\/a><\/p>\n<div style=\"text-align: center;\"><a style=\"display: inline-block; background-color: #2d2e7f; color: #e9c873; font-size: 16px; font-weight: bold; padding: 12px 24px; border-radius: 6px; text-decoration: none; font-family: sans-serif;\" href=\"https:\/\/buy.stripe.com\/5kQcN5fVL0S5a3Tee333W05\" target=\"_blank\" rel=\"noopener\"><br \/>\n\ud83d\udcb3 Azonnali fizet\u00e9s<br \/>\n<\/a><\/div>","protected":false},"featured_media":7550,"comment_status":"open","ping_status":"closed","template":"","meta":{"_acf_changed":false,"_eb_attr":"","pmpro_default_level":"","_price":"5400","_stock":"","_tribe_ticket_header":"","_tribe_default_ticket_provider":"","_ticket_start_date":"","_ticket_end_date":"","_tribe_ticket_show_description":"","_tribe_ticket_show_not_going":false,"_tribe_ticket_use_global_stock":"","_tribe_ticket_global_stock_level":"","_global_stock_mode":"","_global_stock_cap":"","_tribe_rsvp_for_event":"","_tribe_ticket_going_count":"","_tribe_ticket_not_going_count":"","_tribe_tickets_list":"[]","_tribe_ticket_has_attendee_info_fields":false},"product_brand":[],"product_cat":[154],"product_tag":[],"class_list":{"0":"post-7549","1":"product","2":"type-product","3":"status-publish","4":"has-post-thumbnail","6":"product_cat-events","7":"pmpro-has-access","9":"first","10":"instock","11":"taxable","12":"shipping-taxable","13":"purchasable","14":"product-type-simple"},"acf":[],"_links":{"self":[{"href":"https:\/\/mynovamind.com\/hu\/wp-json\/wp\/v2\/product\/7549","targetHints":{"allow":["GET"]}}],"collection":[{"href":"https:\/\/mynovamind.com\/hu\/wp-json\/wp\/v2\/product"}],"about":[{"href":"https:\/\/mynovamind.com\/hu\/wp-json\/wp\/v2\/types\/product"}],"replies":[{"embeddable":true,"href":"https:\/\/mynovamind.com\/hu\/wp-json\/wp\/v2\/comments?post=7549"}],"version-history":[{"count":3,"href":"https:\/\/mynovamind.com\/hu\/wp-json\/wp\/v2\/product\/7549\/revisions"}],"predecessor-version":[{"id":7552,"href":"https:\/\/mynovamind.com\/hu\/wp-json\/wp\/v2\/product\/7549\/revisions\/7552"}],"wp:featuredmedia":[{"embeddable":true,"href":"https:\/\/mynovamind.com\/hu\/wp-json\/wp\/v2\/media\/7550"}],"wp:attachment":[{"href":"https:\/\/mynovamind.com\/hu\/wp-json\/wp\/v2\/media?parent=7549"}],"wp:term":[{"taxonomy":"product_brand","embeddable":true,"href":"https:\/\/mynovamind.com\/hu\/wp-json\/wp\/v2\/product_brand?post=7549"},{"taxonomy":"product_cat","embeddable":true,"href":"https:\/\/mynovamind.com\/hu\/wp-json\/wp\/v2\/product_cat?post=7549"},{"taxonomy":"product_tag","embeddable":true,"href":"https:\/\/mynovamind.com\/hu\/wp-json\/wp\/v2\/product_tag?post=7549"}],"curies":[{"name":"wp","href":"https:\/\/api.w.org\/{rel}","templated":true}]}}