{"id":7561,"date":"2025-10-22T17:19:34","date_gmt":"2025-10-22T15:19:34","guid":{"rendered":"https:\/\/mynovamind.com\/?post_type=product&#038;p=7561"},"modified":"2025-10-22T17:23:49","modified_gmt":"2025-10-22T15:23:49","slug":"ai-ifjusagi-akademia","status":"publish","type":"product","link":"https:\/\/mynovamind.com\/hu\/termek\/ai-ifjusagi-akademia\/","title":{"rendered":"AI IFj\u00fas\u00e1gi Akad\u00e9mia"},"content":{"rendered":"<p><img fetchpriority=\"high\" decoding=\"async\" class=\"alignnone size-medium wp-image-7562\" src=\"http:\/\/mynovamind.com\/wp-content\/uploads\/2025\/10\/AI-ifjusagi-Akademia-212x300.png\" alt=\"\" width=\"212\" height=\"300\" \/><br \/>\nAz AI robban\u00e1sszer\u0171en v\u00e1lt a mindennapi tanul\u00e1s \u00e9s munka r\u00e9sz\u00e9v\u00e9. Ha a di\u00e1k idejekor\u00e1n, tudatos keretek k\u00f6z\u00f6tt megtanulja az AI haszn\u00e1lat\u00e1t, val\u00f3di versenyel\u0151nyre tesz szert: gyorsabban kutat, rendszerez, alkot \u00e9s \u00e9rvel.<br \/>\nA program c\u00e9lja, hogy a technol\u00f3gia eszk\u00f6zz\u00e9 v\u00e1ljon, ne pedig mank\u00f3v\u00e1 \u2013 kritikus gondolkod\u00e1ssal, etikai kontrollal \u00e9s m\u00e9rhet\u0151 eredm\u00e9nyekkel.<\/p>","protected":false},"excerpt":{"rendered":"<h2>Ez t\u00f6bb, mint egy angolkurzus. Ez egy j\u00f6v\u0151be vezet\u0151 kapu.<\/h2>\n<p>Ne csak tanulj, l\u00e9gy alkot\u00f3! Jelentkezz most, \u00e9s fedezd fel, hogyan seg\u00edt az AI megval\u00f3s\u00edtani a c\u00e9ljaidat!<\/p>\n<div style=\"text-align: center; font-family: sans-serif;\">\n  <a href=\"https:\/\/buy.stripe.com\/00w14n8tjasF6RHfi733W07\" target=\"_blank\" style=\"      display: inline-block;      background-color: #2d2e7f;      color: #e9c873;      font-size: 16px;      font-weight: bold;      padding: 12px 24px;      border-radius: 6px;      text-decoration: none;      margin: 8px;  \"><br \/>\n      \ud83d\udcb3 Azonnali fizet\u00e9s<br \/>\n  <\/a><\/p>\n<p>  <a href=\"https:\/\/mynovamind.com\/hu\/event\/hamarosan-indul-az-ai-ifjusagi-akademia\/\" target=\"_blank\" style=\"      display: inline-block;      background-color: #2d2e7f;      color: #e9c873;      font-size: 16px;      font-weight: bold;      padding: 12px 24px;      border-radius: 6px;      text-decoration: none;      margin: 8px;  \"><br \/>\n      \u2139\ufe0f R\u00e9szletek<br \/>\n  <\/a>\n<\/div>","protected":false},"featured_media":0,"comment_status":"open","ping_status":"closed","template":"","meta":{"_acf_changed":false,"_eb_attr":"","pmpro_default_level":"","_price":"29900","_stock":"","_tribe_ticket_header":"","_tribe_default_ticket_provider":"","_ticket_start_date":"","_ticket_end_date":"","_tribe_ticket_show_description":"","_tribe_ticket_show_not_going":false,"_tribe_ticket_use_global_stock":"","_tribe_ticket_global_stock_level":"","_global_stock_mode":"","_global_stock_cap":"","_tribe_rsvp_for_event":"","_tribe_ticket_going_count":"","_tribe_ticket_not_going_count":"","_tribe_tickets_list":"[]","_tribe_ticket_has_attendee_info_fields":false},"product_brand":[],"product_cat":[15,154],"product_tag":[],"class_list":{"0":"post-7561","1":"product","2":"type-product","3":"status-publish","5":"product_cat-uncategorized","6":"product_cat-events","7":"pmpro-has-access","9":"first","10":"instock","11":"virtual","12":"taxable","13":"purchasable","14":"product-type-simple"},"acf":[],"_links":{"self":[{"href":"https:\/\/mynovamind.com\/hu\/wp-json\/wp\/v2\/product\/7561","targetHints":{"allow":["GET"]}}],"collection":[{"href":"https:\/\/mynovamind.com\/hu\/wp-json\/wp\/v2\/product"}],"about":[{"href":"https:\/\/mynovamind.com\/hu\/wp-json\/wp\/v2\/types\/product"}],"replies":[{"embeddable":true,"href":"https:\/\/mynovamind.com\/hu\/wp-json\/wp\/v2\/comments?post=7561"}],"version-history":[{"count":3,"href":"https:\/\/mynovamind.com\/hu\/wp-json\/wp\/v2\/product\/7561\/revisions"}],"predecessor-version":[{"id":7565,"href":"https:\/\/mynovamind.com\/hu\/wp-json\/wp\/v2\/product\/7561\/revisions\/7565"}],"wp:attachment":[{"href":"https:\/\/mynovamind.com\/hu\/wp-json\/wp\/v2\/media?parent=7561"}],"wp:term":[{"taxonomy":"product_brand","embeddable":true,"href":"https:\/\/mynovamind.com\/hu\/wp-json\/wp\/v2\/product_brand?post=7561"},{"taxonomy":"product_cat","embeddable":true,"href":"https:\/\/mynovamind.com\/hu\/wp-json\/wp\/v2\/product_cat?post=7561"},{"taxonomy":"product_tag","embeddable":true,"href":"https:\/\/mynovamind.com\/hu\/wp-json\/wp\/v2\/product_tag?post=7561"}],"curies":[{"name":"wp","href":"https:\/\/api.w.org\/{rel}","templated":true}]}}