{"id":7654,"date":"2025-11-09T14:55:35","date_gmt":"2025-11-09T13:55:35","guid":{"rendered":"https:\/\/mynovamind.com\/?post_type=product&#038;p=7654"},"modified":"2025-11-09T14:59:41","modified_gmt":"2025-11-09T13:59:41","slug":"mi-van-a-nyomok-mogott-kurzus-magannyomozoknak","status":"publish","type":"product","link":"https:\/\/mynovamind.com\/hu\/termek\/mi-van-a-nyomok-mogott-kurzus-magannyomozoknak\/","title":{"rendered":"MI (van) a nyomok m\u00f6g\u00f6tt &#8211; kurzus mag\u00e1nnyomoz\u00f3knak"},"content":{"rendered":"<p>Megjelent egy \u00faj kompetencia, amely n\u00e9lk\u00fcl ma m\u00e1r nem lehet versenyk\u00e9pes: a mesters\u00e9ges intelligencia (MI) kompetencia. Az MI ma m\u00e1r nem futurisztikus kieg\u00e9sz\u00edt\u0151, hanem a mindennapi elemz\u00e9s, adatgy\u0171jt\u00e9s \u00e9s bizony\u00edt\u00e9k\u00e9rtelmez\u00e9s alapja. Aki nem \u00e9rti a m\u0171k\u00f6d\u00e9s\u00e9t, az kiszolg\u00e1ltatott lesz azoknak, akik igen.<\/p>\n<p>Ne engedje, hogy az \u00fcgyfelei t\u00e1j\u00e9kozottabbak legyenek \u00d6nn\u00e9l. Tanulja meg, hogyan haszn\u00e1lhatja az MI-t a terepen, a nyomoz\u00e1sban \u00e9s az \u00e9rt\u00e9kel\u00e9sben \u2014 etikusan, hat\u00e9konyan, c\u00e9lzottan.<\/p>","protected":false},"excerpt":{"rendered":"<div style=\"max-width: 700px; margin: 0 auto; color: #2d2e7f; font-family: sans-serif; line-height: 1.6;\">\n<p>Megjelent egy \u00faj kompetencia, amely n\u00e9lk\u00fcl ma m\u00e1r nem lehet versenyk\u00e9pes: a mesters\u00e9ges intelligencia (MI) kompetencia. Az MI ma m\u00e1r nem futurisztikus kieg\u00e9sz\u00edt\u0151, hanem a mindennapi elemz\u00e9s, adatgy\u0171jt\u00e9s \u00e9s bizony\u00edt\u00e9k\u00e9rtelmez\u00e9s alapja. Aki nem \u00e9rti a m\u0171k\u00f6d\u00e9s\u00e9t, az kiszolg\u00e1ltatott lesz azoknak, akik igen.<\/p>\n<p><a style=\"display: inline-block; margin-top: 20px; margin-right: 15px; padding: 12px 24px; background-color: #2d2e7f; color: #e9c873; text-decoration: none; font-weight: bold; border-radius: 6px;\" href=\"https:\/\/mynovamind.com\/hu\/mi-a-nyomok-mogott-magannyomozas-a-digitalis-korban\/\"><br \/>\nInform\u00e1ci\u00f3<br \/>\n<\/a><\/p>\n<p><a style=\"display: inline-block; margin-top: 20px; padding: 12px 24px; background-color: #2d2e7f; color: #e9c873; text-decoration: none; font-weight: bold; border-radius: 6px;\" href=\"https:\/\/buy.stripe.com\/5kQ7sL38Z1W98ZPb1R33W09\" target=\"_blank\" rel=\"noopener\"><br \/>\nFizet\u00e9s<br \/>\n<\/a><\/p>\n<\/div>","protected":false},"featured_media":7597,"comment_status":"open","ping_status":"closed","template":"","meta":{"_acf_changed":false,"_eb_attr":"","pmpro_default_level":"","_price":"19990","_stock":"","_tribe_ticket_header":"","_tribe_default_ticket_provider":"","_ticket_start_date":"","_ticket_end_date":"","_tribe_ticket_show_description":"","_tribe_ticket_show_not_going":false,"_tribe_ticket_use_global_stock":"","_tribe_ticket_global_stock_level":"","_global_stock_mode":"","_global_stock_cap":"","_tribe_rsvp_for_event":"","_tribe_ticket_going_count":"","_tribe_ticket_not_going_count":"","_tribe_tickets_list":"[]","_tribe_ticket_has_attendee_info_fields":false},"product_brand":[],"product_cat":[15],"product_tag":[],"class_list":{"0":"post-7654","1":"product","2":"type-product","3":"status-publish","4":"has-post-thumbnail","6":"product_cat-uncategorized","7":"pmpro-has-access","9":"first","10":"instock","11":"taxable","12":"shipping-taxable","13":"purchasable","14":"product-type-simple"},"acf":[],"_links":{"self":[{"href":"https:\/\/mynovamind.com\/hu\/wp-json\/wp\/v2\/product\/7654","targetHints":{"allow":["GET"]}}],"collection":[{"href":"https:\/\/mynovamind.com\/hu\/wp-json\/wp\/v2\/product"}],"about":[{"href":"https:\/\/mynovamind.com\/hu\/wp-json\/wp\/v2\/types\/product"}],"replies":[{"embeddable":true,"href":"https:\/\/mynovamind.com\/hu\/wp-json\/wp\/v2\/comments?post=7654"}],"version-history":[{"count":3,"href":"https:\/\/mynovamind.com\/hu\/wp-json\/wp\/v2\/product\/7654\/revisions"}],"predecessor-version":[{"id":7657,"href":"https:\/\/mynovamind.com\/hu\/wp-json\/wp\/v2\/product\/7654\/revisions\/7657"}],"wp:featuredmedia":[{"embeddable":true,"href":"https:\/\/mynovamind.com\/hu\/wp-json\/wp\/v2\/media\/7597"}],"wp:attachment":[{"href":"https:\/\/mynovamind.com\/hu\/wp-json\/wp\/v2\/media?parent=7654"}],"wp:term":[{"taxonomy":"product_brand","embeddable":true,"href":"https:\/\/mynovamind.com\/hu\/wp-json\/wp\/v2\/product_brand?post=7654"},{"taxonomy":"product_cat","embeddable":true,"href":"https:\/\/mynovamind.com\/hu\/wp-json\/wp\/v2\/product_cat?post=7654"},{"taxonomy":"product_tag","embeddable":true,"href":"https:\/\/mynovamind.com\/hu\/wp-json\/wp\/v2\/product_tag?post=7654"}],"curies":[{"name":"wp","href":"https:\/\/api.w.org\/{rel}","templated":true}]}}